{"id":648,"date":"2020-02-03T16:27:51","date_gmt":"2020-02-03T19:27:51","guid":{"rendered":"https:\/\/novo.tropfruit.com.br\/tropfruit\/?page_id=648"},"modified":"2021-06-15T16:02:35","modified_gmt":"2021-06-15T19:02:35","slug":"certificacoes","status":"publish","type":"page","link":"https:\/\/intrafrut.com.br\/en\/certificacoes\/","title":{"rendered":"Certifications"},"content":{"rendered":"<div data-colibri-id=\"648-c1\" class=\"style-465 style-local-648-c1 position-relative\">\n  <!---->\n  <div data-colibri-component=\"section\" data-colibri-id=\"648-c2\" id=\"team\" class=\"h-section h-section-global-spacing d-flex align-items-lg-center align-items-md-center align-items-center style-518 style-local-648-c2 position-relative\">\n    <!---->\n    <!---->\n    <div class=\"h-section-grid-container h-section-boxed-container\">\n      <div data-colibri-id=\"648-c16\" class=\"h-row-container gutters-row-lg-2 gutters-row-md-2 gutters-row-0 gutters-row-v-lg-2 gutters-row-v-md-2 gutters-row-v-2 style-532 style-local-648-c16 position-relative\">\n        <!---->\n        <div class=\"h-row justify-content-lg-center justify-content-md-center justify-content-center align-items-lg-stretch align-items-md-stretch align-items-stretch gutters-col-lg-2 gutters-col-md-2 gutters-col-0 gutters-col-v-lg-2 gutters-col-v-md-2 gutters-col-v-2\">\n          <!---->\n          <div class=\"h-column h-column-container d-flex h-col-lg-auto h-col-md-auto h-col-auto style-533-outer style-local-648-c17-outer\">\n            <div data-colibri-id=\"648-c17\" class=\"d-flex h-flex-basis h-column__inner h-px-lg-2 h-px-md-2 h-px-2 v-inner-lg-2 v-inner-md-2 v-inner-2 style-533 style-local-648-c17 position-relative\">\n              <!---->\n              <!---->\n              <div class=\"w-100 h-y-container h-column__content h-column__v-align flex-basis-100 align-self-lg-start align-self-md-start align-self-start\">\n                <!---->\n                <div data-colibri-id=\"648-c18\" class=\"h-global-transition-all h-heading style-534 style-local-648-c18 position-relative h-element\">\n                  <!---->\n                  <div class=\"h-heading__outer style-534 style-local-648-c18\">\n                    <!---->\n                    <!---->\n                    <h2 class=\"\">The best certification authorities<\/h2>\n                  <\/div>\n                <\/div>\n                <div data-colibri-id=\"648-c19\" class=\"h-lead h-text h-text-component style-535 style-local-648-c19 position-relative h-element\">\n                  <!---->\n                  <!---->\n                  <div class=\"\">\n                    <p>Introduzir novos produtos e marcas no mercado; Reduzir perdas no processo produtivo e melhorar a sua gest\u00e3o. Assegurar que o produto, servi\u00e7o ou sistema&nbsp;atende \u00e0s normas; Tornar a Organiza\u00e7\u00e3o altamente competitiva com produtos\n                      em conformidade \u00e0s normas t\u00e9cnicas.<\/p>\n                  <\/div>\n                <\/div>\n              <\/div>\n            <\/div>\n          <\/div>\n        <\/div>\n      <\/div>\n      <div data-colibri-id=\"648-c3\" class=\"h-row-container gutters-row-lg-2 gutters-row-md-2 gutters-row-0 gutters-row-v-lg-2 gutters-row-v-md-2 gutters-row-v-2 style-519 style-local-648-c3 position-relative\">\n        <!---->\n        <div class=\"h-row justify-content-lg-center justify-content-md-center justify-content-center align-items-lg-stretch align-items-md-stretch align-items-stretch gutters-col-lg-2 gutters-col-md-2 gutters-col-0 gutters-col-v-lg-2 gutters-col-v-md-2 gutters-col-v-2\">\n          <!---->\n          <div class=\"h-column h-column-container d-flex h-col-lg-3 h-col-md-6 h-col-12 style-520-outer style-local-648-c4-outer\">\n            <div data-colibri-id=\"648-c4\" class=\"d-flex h-flex-basis h-column__inner h-px-lg-0 h-px-md-0 h-px-0 v-inner-lg-0 v-inner-md-0 v-inner-0 style-520 style-local-648-c4 position-relative\">\n              <!---->\n              <!---->\n              <div class=\"w-100 h-y-container h-column__content h-column__v-align flex-basis-100 align-self-lg-start align-self-md-start align-self-start\">\n                <!---->\n                <div data-colibri-id=\"648-c5\" class=\"d-block style-521 style-local-648-c5 position-relative h-element\">\n                  <!---->\n                  <div class=\"h-image__frame-container-outer\">\n                    <div class=\"h-image__frame-container\">\n                      <!---->\n                      <!---->\n                      <img loading=\"lazy\" decoding=\"async\" width=\"139\" height=\"123\" src=\"https:\/\/intrafrut.com.br\/wp-content\/uploads\/2021\/06\/image.png\" class=\"wp-image-3454 style-521-image style-local-648-c5-image\" alt=\"\" srcset=\"https:\/\/intrafrut.com.br\/wp-content\/uploads\/2021\/06\/image.png 139w, https:\/\/intrafrut.com.br\/wp-content\/uploads\/2021\/06\/image-14x12.png 14w\" sizes=\"auto, (max-width: 139px) 100vw, 139px\" \/>\n                      <div class=\"h-image__frame h-hide-lg h-hide-md h-hide-sm style-521-frameImage style-local-648-c5-frameImage\"><\/div>\n                    <\/div>\n                  <\/div>\n                <\/div>\n                <div data-colibri-id=\"648-c6\" class=\"h-global-transition-all h-heading style-522 style-local-648-c6 position-relative h-element\">\n                  <!---->\n                  <div class=\"h-heading__outer style-522 style-local-648-c6\">\n                    <!---->\n                    <!---->\n                    <h4 class=\"\">Kosher<\/h4>\n                  <\/div>\n                <\/div>\n                <div data-colibri-id=\"648-c7\" class=\"h-text h-text-component style-910 style-local-648-c7 position-relative h-element\">\n                  <!---->\n                  <!---->\n                  <div class=\"\">\n                    <p>Ele \u00e9 mundialmente reconhecido e atriu\u00eddo como sin\u00f4nimo de controle m\u00e1ximo de qualidade. O processo de emiss\u00e3o para um certificado Kosher depende da colabora\u00e7\u00e3o e total transpar\u00eancia nas informa\u00e7\u00f5es que ser\u00e3o permutadas entre ambas:\n                      a empresa que fabrica o produto e a entidade judaica que emitir\u00e1 o documento.<\/p>\n                  <\/div>\n                <\/div>\n              <\/div>\n            <\/div>\n          <\/div>\n          <div class=\"h-column h-column-container d-flex h-col-lg-3 h-col-md-6 h-col-12 style-520-outer style-local-648-c8-outer\">\n            <div data-colibri-id=\"648-c8\" class=\"d-flex h-flex-basis h-column__inner h-px-lg-0 h-px-md-0 h-px-0 v-inner-lg-0 v-inner-md-0 v-inner-0 style-520 style-local-648-c8 position-relative\">\n              <!---->\n              <!---->\n              <div class=\"w-100 h-y-container h-column__content h-column__v-align flex-basis-100 align-self-lg-start align-self-md-start align-self-start\">\n                <!---->\n                <div data-colibri-id=\"648-c9\" class=\"d-block style-526 style-local-648-c9 position-relative h-element\">\n                  <!---->\n                  <div class=\"h-image__frame-container-outer\">\n                    <div class=\"h-image__frame-container\">\n                      <!---->\n                      <!---->\n                      <img loading=\"lazy\" decoding=\"async\" width=\"960\" height=\"375\" src=\"https:\/\/intrafrut.com.br\/wp-content\/uploads\/2020\/12\/fssc-22000-logo.jpg\" class=\"wp-image-3431 style-526-image style-local-648-c9-image\" alt=\"\" srcset=\"https:\/\/intrafrut.com.br\/wp-content\/uploads\/2020\/12\/fssc-22000-logo.jpg 960w, https:\/\/intrafrut.com.br\/wp-content\/uploads\/2020\/12\/fssc-22000-logo-300x117.jpg 300w, https:\/\/intrafrut.com.br\/wp-content\/uploads\/2020\/12\/fssc-22000-logo-768x300.jpg 768w, https:\/\/intrafrut.com.br\/wp-content\/uploads\/2020\/12\/fssc-22000-logo-16x6.jpg 16w\" sizes=\"auto, (max-width: 960px) 100vw, 960px\" \/>\n                      <div class=\"h-image__frame h-hide-lg h-hide-md h-hide-sm style-526-frameImage style-local-648-c9-frameImage\"><\/div>\n                    <\/div>\n                  <\/div>\n                <\/div>\n                <div data-colibri-id=\"648-c10\" class=\"h-global-transition-all h-heading style-522 style-local-648-c10 position-relative h-element\">\n                  <!---->\n                  <div class=\"h-heading__outer style-522 style-local-648-c10\">\n                    <!---->\n                    <!---->\n                    <h4 class=\"\">FSSC 22000<\/h4>\n                  <\/div>\n                <\/div>\n                <div data-colibri-id=\"648-c11\" class=\"h-text h-text-component style-677 style-local-648-c11 position-relative h-element\">\n                  <!---->\n                  <!---->\n                  <div class=\"\">\n                    <p><span style=\"font-weight: 400; font-size: 16px; font-family: &quot;Open Sans&quot;; color: rgb(70, 112, 128);\">A norma FSSC 22000 (Certifica\u00e7\u00e3o de Sistema de Seguran\u00e7a Alimentar) estabelece os requisitos para a produ\u00e7\u00e3o e coloca\u00e7\u00e3o no mercado de produtos e alimentos que s\u00e3o seguros para os consumidores. <\/span><\/p>\n                    <p>\n                      <br>\n                    <\/p>\n                    <p>\n                      <br>\n                    <\/p>\n                  <\/div>\n                <\/div>\n              <\/div>\n            <\/div>\n          <\/div>\n          <div class=\"h-column h-column-container d-flex h-col-lg-3 h-col-md-6 h-col-12 style-520-outer style-local-648-c12-outer\">\n            <div data-colibri-id=\"648-c12\" class=\"d-flex h-flex-basis h-column__inner h-px-lg-0 h-px-md-0 h-px-0 v-inner-lg-0 v-inner-md-0 v-inner-0 style-520 style-local-648-c12 position-relative\">\n              <!---->\n              <!---->\n              <div class=\"w-100 h-y-container h-column__content h-column__v-align flex-basis-100 align-self-lg-start align-self-md-start align-self-start\">\n                <!---->\n                <div data-colibri-id=\"648-c13\" class=\"d-block style-530 style-local-648-c13 position-relative h-element\">\n                  <!---->\n                  <div class=\"h-image__frame-container-outer\">\n                    <div class=\"h-image__frame-container\">\n                      <!---->\n                      <!---->\n                      <img loading=\"lazy\" decoding=\"async\" width=\"134\" height=\"121\" src=\"https:\/\/novo.tropfruit.com.br\/tropfruit\/wp-content\/uploads\/2020\/03\/fda.png\" class=\"wp-image-1168 style-530-image style-local-648-c13-image\" alt=\"\" \/>\n                      <div class=\"h-image__frame h-hide-lg h-hide-md h-hide-sm style-530-frameImage style-local-648-c13-frameImage\"><\/div>\n                    <\/div>\n                  <\/div>\n                <\/div>\n                <div data-colibri-id=\"648-c14\" class=\"h-global-transition-all h-heading style-522 style-local-648-c14 position-relative h-element\">\n                  <!---->\n                  <div class=\"h-heading__outer style-522 style-local-648-c14\">\n                    <!---->\n                    <!---->\n                    <h4 class=\"\">FDA<\/h4>\n                  <\/div>\n                <\/div>\n                <div data-colibri-id=\"648-c15\" class=\"h-text h-text-component style-524 style-local-648-c15 position-relative h-element\">\n                  <!---->\n                  <!---->\n                  <div class=\"\">\n                    <p><span style=\"font-weight: 400; font-size: 16px; font-family: &quot;Open Sans&quot;; color: rgb(70, 112, 128);\">The FDA's goal is to have control over food, which can be human and animal, food supplements, cosmetics, medical equipment and biological materials.<\/span><\/p>\n                    <p>\n                      <br>\n                    <\/p>\n                  <\/div>\n                <\/div>\n              <\/div>\n            <\/div>\n          <\/div>\n        <\/div>\n      <\/div>\n    <\/div>\n  <\/div>\n<\/div>","protected":false},"excerpt":{"rendered":"<p>As melhores autoridades certificadoras Introduzir novos produtos e marcas no mercado; Reduzir perdas no processo produtivo e melhorar a sua gest\u00e3o. Assegurar que o produto, servi\u00e7o ou sistema&nbsp;atende \u00e0s normas; Tornar a Organiza\u00e7\u00e3o altamente competitiva com produtos em conformidade \u00e0s normas t\u00e9cnicas. Kosher Ele \u00e9 mundialmente reconhecido e atriu\u00eddo como sin\u00f4nimo de controle m\u00e1ximo de [&hellip;]<\/p>\n","protected":false},"author":1,"featured_media":0,"parent":0,"menu_order":0,"comment_status":"closed","ping_status":"closed","template":"page-templates\/full-width-page.php","meta":{"footnotes":""},"class_list":["post-648","page","type-page","status-publish","hentry"],"yoast_head":"<!-- This site is optimized with the Yoast SEO plugin v27.3 - https:\/\/yoast.com\/product\/yoast-seo-wordpress\/ -->\n<title>Certifica\u00e7\u00f5es | O Melhor dos Tr\u00f3picos<\/title>\n<meta name=\"robots\" content=\"index, follow, max-snippet:-1, max-image-preview:large, max-video-preview:-1\" \/>\n<link rel=\"canonical\" href=\"https:\/\/intrafrut.com.br\/en\/certificacoes\/\" \/>\n<meta property=\"og:locale\" content=\"en_US\" \/>\n<meta property=\"og:type\" content=\"article\" \/>\n<meta property=\"og:title\" content=\"Certifica\u00e7\u00f5es | O Melhor dos Tr\u00f3picos\" \/>\n<meta property=\"og:description\" content=\"As melhores autoridades certificadoras Introduzir novos produtos e marcas no mercado; Reduzir perdas no processo produtivo e melhorar a sua gest\u00e3o. Assegurar que o produto, servi\u00e7o ou sistema&nbsp;atende \u00e0s normas; Tornar a Organiza\u00e7\u00e3o altamente competitiva com produtos em conformidade \u00e0s normas t\u00e9cnicas. Kosher Ele \u00e9 mundialmente reconhecido e atriu\u00eddo como sin\u00f4nimo de controle m\u00e1ximo de [&hellip;]\" \/>\n<meta property=\"og:url\" content=\"https:\/\/intrafrut.com.br\/en\/certificacoes\/\" \/>\n<meta property=\"og:site_name\" content=\"O Melhor dos Tr\u00f3picos\" \/>\n<meta property=\"article:modified_time\" content=\"2021-06-15T19:02:35+00:00\" \/>\n<meta property=\"og:image\" content=\"https:\/\/intrafrut.com.br\/wp-content\/uploads\/2021\/06\/image.png\" \/>\n<meta name=\"twitter:card\" content=\"summary_large_image\" \/>\n<meta name=\"twitter:label1\" content=\"Est. reading time\" \/>\n\t<meta name=\"twitter:data1\" content=\"1 minute\" \/>\n<script type=\"application\/ld+json\" class=\"yoast-schema-graph\">{\"@context\":\"https:\\\/\\\/schema.org\",\"@graph\":[{\"@type\":\"WebPage\",\"@id\":\"https:\\\/\\\/intrafrut.com.br\\\/certificacoes\\\/\",\"url\":\"https:\\\/\\\/intrafrut.com.br\\\/certificacoes\\\/\",\"name\":\"Certifica\u00e7\u00f5es | O Melhor dos Tr\u00f3picos\",\"isPartOf\":{\"@id\":\"https:\\\/\\\/intrafrut.com.br\\\/#website\"},\"primaryImageOfPage\":{\"@id\":\"https:\\\/\\\/intrafrut.com.br\\\/certificacoes\\\/#primaryimage\"},\"image\":{\"@id\":\"https:\\\/\\\/intrafrut.com.br\\\/certificacoes\\\/#primaryimage\"},\"thumbnailUrl\":\"https:\\\/\\\/intrafrut.com.br\\\/wp-content\\\/uploads\\\/2021\\\/06\\\/image.png\",\"datePublished\":\"2020-02-03T19:27:51+00:00\",\"dateModified\":\"2021-06-15T19:02:35+00:00\",\"breadcrumb\":{\"@id\":\"https:\\\/\\\/intrafrut.com.br\\\/certificacoes\\\/#breadcrumb\"},\"inLanguage\":\"en-US\",\"potentialAction\":[{\"@type\":\"ReadAction\",\"target\":[\"https:\\\/\\\/intrafrut.com.br\\\/certificacoes\\\/\"]}]},{\"@type\":\"ImageObject\",\"inLanguage\":\"en-US\",\"@id\":\"https:\\\/\\\/intrafrut.com.br\\\/certificacoes\\\/#primaryimage\",\"url\":\"https:\\\/\\\/intrafrut.com.br\\\/wp-content\\\/uploads\\\/2021\\\/06\\\/image.png\",\"contentUrl\":\"https:\\\/\\\/intrafrut.com.br\\\/wp-content\\\/uploads\\\/2021\\\/06\\\/image.png\"},{\"@type\":\"BreadcrumbList\",\"@id\":\"https:\\\/\\\/intrafrut.com.br\\\/certificacoes\\\/#breadcrumb\",\"itemListElement\":[{\"@type\":\"ListItem\",\"position\":1,\"name\":\"In\u00edcio\",\"item\":\"https:\\\/\\\/intrafrut.com.br\\\/\"},{\"@type\":\"ListItem\",\"position\":2,\"name\":\"Certifica\u00e7\u00f5es\"}]},{\"@type\":\"WebSite\",\"@id\":\"https:\\\/\\\/intrafrut.com.br\\\/#website\",\"url\":\"https:\\\/\\\/intrafrut.com.br\\\/\",\"name\":\"Tropfruit Nordeste\",\"description\":\"\",\"publisher\":{\"@id\":\"https:\\\/\\\/intrafrut.com.br\\\/#organization\"},\"potentialAction\":[{\"@type\":\"SearchAction\",\"target\":{\"@type\":\"EntryPoint\",\"urlTemplate\":\"https:\\\/\\\/intrafrut.com.br\\\/?s={search_term_string}\"},\"query-input\":{\"@type\":\"PropertyValueSpecification\",\"valueRequired\":true,\"valueName\":\"search_term_string\"}}],\"inLanguage\":\"en-US\"},{\"@type\":\"Organization\",\"@id\":\"https:\\\/\\\/intrafrut.com.br\\\/#organization\",\"name\":\"Tropfruit Nordeste\",\"url\":\"https:\\\/\\\/intrafrut.com.br\\\/\",\"logo\":{\"@type\":\"ImageObject\",\"inLanguage\":\"en-US\",\"@id\":\"https:\\\/\\\/intrafrut.com.br\\\/#\\\/schema\\\/logo\\\/image\\\/\",\"url\":\"\",\"contentUrl\":\"\",\"caption\":\"Tropfruit Nordeste\"},\"image\":{\"@id\":\"https:\\\/\\\/intrafrut.com.br\\\/#\\\/schema\\\/logo\\\/image\\\/\"},\"sameAs\":[\"https:\\\/\\\/www.linkedin.com\\\/company\\\/tropfruit-nordeste-s-a\\\/\"]}]}<\/script>\n<!-- \/ Yoast SEO plugin. -->","yoast_head_json":{"title":"Certifica\u00e7\u00f5es | O Melhor dos Tr\u00f3picos","robots":{"index":"index","follow":"follow","max-snippet":"max-snippet:-1","max-image-preview":"max-image-preview:large","max-video-preview":"max-video-preview:-1"},"canonical":"https:\/\/intrafrut.com.br\/en\/certificacoes\/","og_locale":"en_US","og_type":"article","og_title":"Certifica\u00e7\u00f5es | O Melhor dos Tr\u00f3picos","og_description":"As melhores autoridades certificadoras Introduzir novos produtos e marcas no mercado; Reduzir perdas no processo produtivo e melhorar a sua gest\u00e3o. Assegurar que o produto, servi\u00e7o ou sistema&nbsp;atende \u00e0s normas; Tornar a Organiza\u00e7\u00e3o altamente competitiva com produtos em conformidade \u00e0s normas t\u00e9cnicas. Kosher Ele \u00e9 mundialmente reconhecido e atriu\u00eddo como sin\u00f4nimo de controle m\u00e1ximo de [&hellip;]","og_url":"https:\/\/intrafrut.com.br\/en\/certificacoes\/","og_site_name":"O Melhor dos Tr\u00f3picos","article_modified_time":"2021-06-15T19:02:35+00:00","og_image":[{"url":"https:\/\/intrafrut.com.br\/wp-content\/uploads\/2021\/06\/image.png","type":"","width":"","height":""}],"twitter_card":"summary_large_image","twitter_misc":{"Est. reading time":"1 minute"},"schema":{"@context":"https:\/\/schema.org","@graph":[{"@type":"WebPage","@id":"https:\/\/intrafrut.com.br\/certificacoes\/","url":"https:\/\/intrafrut.com.br\/certificacoes\/","name":"Certifica\u00e7\u00f5es | O Melhor dos Tr\u00f3picos","isPartOf":{"@id":"https:\/\/intrafrut.com.br\/#website"},"primaryImageOfPage":{"@id":"https:\/\/intrafrut.com.br\/certificacoes\/#primaryimage"},"image":{"@id":"https:\/\/intrafrut.com.br\/certificacoes\/#primaryimage"},"thumbnailUrl":"https:\/\/intrafrut.com.br\/wp-content\/uploads\/2021\/06\/image.png","datePublished":"2020-02-03T19:27:51+00:00","dateModified":"2021-06-15T19:02:35+00:00","breadcrumb":{"@id":"https:\/\/intrafrut.com.br\/certificacoes\/#breadcrumb"},"inLanguage":"en-US","potentialAction":[{"@type":"ReadAction","target":["https:\/\/intrafrut.com.br\/certificacoes\/"]}]},{"@type":"ImageObject","inLanguage":"en-US","@id":"https:\/\/intrafrut.com.br\/certificacoes\/#primaryimage","url":"https:\/\/intrafrut.com.br\/wp-content\/uploads\/2021\/06\/image.png","contentUrl":"https:\/\/intrafrut.com.br\/wp-content\/uploads\/2021\/06\/image.png"},{"@type":"BreadcrumbList","@id":"https:\/\/intrafrut.com.br\/certificacoes\/#breadcrumb","itemListElement":[{"@type":"ListItem","position":1,"name":"In\u00edcio","item":"https:\/\/intrafrut.com.br\/"},{"@type":"ListItem","position":2,"name":"Certifica\u00e7\u00f5es"}]},{"@type":"WebSite","@id":"https:\/\/intrafrut.com.br\/#website","url":"https:\/\/intrafrut.com.br\/","name":"Tropfruit Nordeste","description":"","publisher":{"@id":"https:\/\/intrafrut.com.br\/#organization"},"potentialAction":[{"@type":"SearchAction","target":{"@type":"EntryPoint","urlTemplate":"https:\/\/intrafrut.com.br\/?s={search_term_string}"},"query-input":{"@type":"PropertyValueSpecification","valueRequired":true,"valueName":"search_term_string"}}],"inLanguage":"en-US"},{"@type":"Organization","@id":"https:\/\/intrafrut.com.br\/#organization","name":"Tropfruit Nordeste","url":"https:\/\/intrafrut.com.br\/","logo":{"@type":"ImageObject","inLanguage":"en-US","@id":"https:\/\/intrafrut.com.br\/#\/schema\/logo\/image\/","url":"","contentUrl":"","caption":"Tropfruit Nordeste"},"image":{"@id":"https:\/\/intrafrut.com.br\/#\/schema\/logo\/image\/"},"sameAs":["https:\/\/www.linkedin.com\/company\/tropfruit-nordeste-s-a\/"]}]}},"_links":{"self":[{"href":"https:\/\/intrafrut.com.br\/en\/wp-json\/wp\/v2\/pages\/648","targetHints":{"allow":["GET"]}}],"collection":[{"href":"https:\/\/intrafrut.com.br\/en\/wp-json\/wp\/v2\/pages"}],"about":[{"href":"https:\/\/intrafrut.com.br\/en\/wp-json\/wp\/v2\/types\/page"}],"author":[{"embeddable":true,"href":"https:\/\/intrafrut.com.br\/en\/wp-json\/wp\/v2\/users\/1"}],"replies":[{"embeddable":true,"href":"https:\/\/intrafrut.com.br\/en\/wp-json\/wp\/v2\/comments?post=648"}],"version-history":[{"count":20,"href":"https:\/\/intrafrut.com.br\/en\/wp-json\/wp\/v2\/pages\/648\/revisions"}],"predecessor-version":[{"id":3457,"href":"https:\/\/intrafrut.com.br\/en\/wp-json\/wp\/v2\/pages\/648\/revisions\/3457"}],"wp:attachment":[{"href":"https:\/\/intrafrut.com.br\/en\/wp-json\/wp\/v2\/media?parent=648"}],"curies":[{"name":"wp","href":"https:\/\/api.w.org\/{rel}","templated":true}]}}