{"id":48,"date":"2020-01-29T09:43:28","date_gmt":"2020-01-29T12:43:28","guid":{"rendered":"https:\/\/novo.tropfruit.com.br\/tropfruit\/?page_id=48"},"modified":"2020-08-19T16:58:15","modified_gmt":"2020-08-19T19:58:15","slug":"laranja","status":"publish","type":"page","link":"https:\/\/intrafrut.com.br\/en\/laranja\/","title":{"rendered":"Orange"},"content":{"rendered":"<div data-colibri-id=\"48-c1\" class=\"style-407 style-local-48-c1 position-relative\">\n  <!---->\n  <div data-colibri-component=\"section\" data-colibri-id=\"48-c2\" id=\"about\" class=\"h-section h-section-global-spacing d-flex align-items-lg-center align-items-md-center align-items-center style-412 style-local-48-c2 position-relative\">\n    <!---->\n    <!---->\n    <div class=\"h-section-grid-container h-section-boxed-container\">\n      <!---->\n      <div data-colibri-id=\"48-c3\" class=\"h-row-container gutters-row-lg-2 gutters-row-md-2 gutters-row-2 gutters-row-v-lg-2 gutters-row-v-md-2 gutters-row-v-2 style-413 style-local-48-c3 position-relative\">\n        <!---->\n        <div class=\"h-row justify-content-lg-center justify-content-md-center justify-content-center align-items-lg-stretch align-items-md-stretch align-items-stretch gutters-col-lg-2 gutters-col-md-2 gutters-col-2 gutters-col-v-lg-2 gutters-col-v-md-2 gutters-col-v-2\">\n          <!---->\n          <div class=\"h-column h-column-container d-flex h-col-lg-auto h-col-md-auto h-col-auto style-414-outer style-local-48-c4-outer\">\n            <div data-colibri-id=\"48-c4\" class=\"d-flex h-flex-basis h-column__inner h-px-lg-2 h-px-md-2 h-px-2 v-inner-lg-2 v-inner-md-2 v-inner-2 style-414 style-local-48-c4 position-relative\">\n              <!---->\n              <!---->\n              <div class=\"w-100 h-y-container h-column__content h-column__v-align flex-basis-100 align-self-lg-center align-self-md-center align-self-center\">\n                <!---->\n                <div data-colibri-id=\"48-c5\" class=\"h-global-transition-all h-heading style-416 style-local-48-c5 position-relative h-element\">\n                  <!---->\n                  <!---->\n                  <h2 class=\"\">Frozen Concentrate&nbsp;<em style=\"color: rgb(247, 144, 7); font-family: &quot;Playfair Display&quot;;\">Orange&nbsp;<\/em>juice<\/h2>\n                <\/div>\n                <div data-colibri-id=\"48-c6\" class=\"h-text h-text-component style-911 style-local-48-c6 position-relative h-element\">\n                  <!---->\n                  <!---->\n                  <div class=\"\">\n                    <p>Variety: Pear\n                      <br>Scientific Name: Citrus sinensis<\/p>\n                  <\/div>\n                <\/div>\n                <div data-colibri-id=\"48-c7\" class=\"h-text h-text-component style-417 style-local-48-c7 position-relative h-element\">\n                  <!---->\n                  <!---->\n                  <div class=\"\">\n                    <p><strong style=\"font-family: &quot;Open Sans&quot;; font-size: 16px; font-weight: 600; color: rgb(70, 112, 127);\">1- PHYSICAL-CHEMICAL CHARACTERISTICS<\/strong><\/p>\n                    <p><span style=\"color: rgb(70, 112, 127); font-family: &quot;Open Sans&quot;; font-size: 16px; font-weight: 400;\">Brix (Corrected): 66,00 \u00b1 0,50.<br>Acidity (Citric Acid% w \/ w): 2,85 to 5,12.<br>Ratio (Brix \/ Acidity): 13,00 to 23,00.<br>Pulp (% v \/ v to 11,5\u00b0 Bix): 8,00 to 12,00<br>pH: 3,00 to 4,20<br>Color: 35 to 38<br>Flavor: 35 to 38<br>Defect: 19 to 20<br>Total Score: 89 to 96<br>Oil % (vol. ml\/100ml to 11,5 \u00b0Brix): 0,006 to 0,012<br>Vit C (mg\/100 ml to 11,5 \u00baBrix): 40 to 60<\/span>\n                      <br>Formol Number (meq\/l to 11,5 \u00b0Brix): 15,00 to 29,90\n                      <br>Proline (mg\/l to 11,5 \u00b0Brix): 400 to 1400<\/p>\n                    <p><span style=\"color: rgb(70, 112, 127); font-family: &quot;Open Sans&quot;; font-size: 16px; font-weight: 400;\"><\/span><strong style=\"color: rgb(70, 112, 127); font-family: &quot;Open Sans&quot;; font-size: 16px; font-weight: 600;\">02. MICROBIOLOGY<\/strong><\/p>\n                    <p><span style=\"font-weight: 400; font-size: 16px; font-family: &quot;Open Sans&quot;; color: rgb(70, 112, 127);\">2.1. Total Count\u00a0(cfu \/ g) max: 1000<br>2.2. Count Moulds \/ Yeasts\u00a0(cfu \/ g) max: 100<br>2.3. Coliform: Absent<\/span><\/p>\n                    <p><strong style=\"font-family: &quot;Open Sans&quot;; font-size: 16px; font-weight: 600; color: rgb(70, 112, 127);\">STORAGE AND SHELF LIFE<\/strong><\/p>\n                    <p><span style=\"color: rgb(70, 112, 127); font-family: &quot;Open Sans&quot;; font-size: 16px; font-weight: 400;\">Storage: -12\u00b0C to -18\u00b0C<\/span>\n                      <br>Shelf Life: 24 months<\/p>\n                    <p>\n                      <br>\n                    <\/p>\n                  <\/div>\n                <\/div>\n                <div data-colibri-id=\"48-c8\" class=\"h-x-container style-723 style-local-48-c8 position-relative h-element\">\n                  <!---->\n                  <div class=\"h-x-container-inner style-dynamic-48-c8-group style-723-spacing style-local-48-c8-spacing\"><span class=\"h-button__outer style-724-outer style-local-48-c9-outer d-inline-flex h-element\"><a h-use-smooth-scroll=\"true\" href=\"https:\/\/novo.tropfruit.com.br\/tropfruit\/?page_id=31\/\"  data-colibri-id=\"48-c9\" class=\"d-flex w-100 align-items-center h-button justify-content-lg-center justify-content-md-center justify-content-center style-724 style-local-48-c9 position-relative\"><!----><!----> <span>PRODUCTS<\/span><\/a>\n                    <\/span>\n                  <\/div>\n                <\/div>\n              <\/div>\n            <\/div>\n          <\/div>\n          <div class=\"h-column h-column-container d-flex h-col-lg-auto h-col-md-auto h-col-auto style-420-outer style-local-48-c10-outer\">\n            <div data-colibri-id=\"48-c10\" class=\"d-flex h-flex-basis h-column__inner h-px-lg-2 h-px-md-2 h-px-2 v-inner-lg-2 v-inner-md-2 v-inner-2 style-420 style-local-48-c10 position-relative\">\n              <!---->\n              <!---->\n              <div class=\"w-100 h-y-container h-column__content h-column__v-align flex-basis-100 align-self-lg-start align-self-md-start align-self-start\">\n                <!---->\n                <div data-colibri-id=\"48-c11\" class=\"d-block style-421 style-local-48-c11 position-relative h-element\">\n                  <!---->\n                  <div class=\"h-image__frame-container-outer\">\n                    <div class=\"h-image__frame-container\">\n                      <!---->\n                      <!---->\n                      <img loading=\"lazy\" decoding=\"async\" width=\"1600\" height=\"1600\" src=\"https:\/\/novo.tropfruit.com.br\/tropfruit\/wp-content\/uploads\/2020\/01\/cropped-cropped-Drinks_Juice_Orange_467698_3840x2400-scaled-1.jpg\" class=\"wp-image-548 style-421-image style-local-48-c11-image\" alt=\"\" srcset=\"https:\/\/intrafrut.com.br\/wp-content\/uploads\/2020\/01\/cropped-cropped-Drinks_Juice_Orange_467698_3840x2400-scaled-1.jpg 1600w, https:\/\/intrafrut.com.br\/wp-content\/uploads\/2020\/01\/cropped-cropped-Drinks_Juice_Orange_467698_3840x2400-scaled-1-300x300.jpg 300w, https:\/\/intrafrut.com.br\/wp-content\/uploads\/2020\/01\/cropped-cropped-Drinks_Juice_Orange_467698_3840x2400-scaled-1-1024x1024.jpg 1024w, https:\/\/intrafrut.com.br\/wp-content\/uploads\/2020\/01\/cropped-cropped-Drinks_Juice_Orange_467698_3840x2400-scaled-1-150x150.jpg 150w, https:\/\/intrafrut.com.br\/wp-content\/uploads\/2020\/01\/cropped-cropped-Drinks_Juice_Orange_467698_3840x2400-scaled-1-768x768.jpg 768w, https:\/\/intrafrut.com.br\/wp-content\/uploads\/2020\/01\/cropped-cropped-Drinks_Juice_Orange_467698_3840x2400-scaled-1-1536x1536.jpg 1536w\" sizes=\"auto, (max-width: 1600px) 100vw, 1600px\" \/>\n                      <div class=\"h-image__frame h-hide-sm style-421-frameImage style-local-48-c11-frameImage\"><\/div>\n                    <\/div>\n                  <\/div>\n                <\/div>\n                <div data-colibri-id=\"48-c12\" class=\"h-x-container style-918 style-local-48-c12 position-relative h-element\">\n                  <!---->\n                  <div class=\"h-x-container-inner style-dynamic-48-c12-group style-918-spacing style-local-48-c12-spacing\"><span class=\"h-button__outer style-919-outer style-local-48-c13-outer d-inline-flex h-element\"><!----><!----> <span>BY-PRODUCTS<\/span>\n                    <\/span>\n                  <\/div>\n                <\/div>\n              <\/div>\n            <\/div>\n          <\/div>\n        <\/div>\n      <\/div>\n    <\/div>\n  <\/div>\n<\/div>","protected":false},"excerpt":{"rendered":"<p>Suco de&nbsp;Laranja&nbsp;Concentrado e Congelado Variedade:&nbsp; &nbsp; &nbsp; &nbsp; &nbsp; &nbsp; &nbsp; P\u00eara Nome Cient\u00edfico:&nbsp;&nbsp;&nbsp;Citrus sinensis 1- CARACTER\u00cdSTICAS F\u00cdSICO-QU\u00cdMICAS Brix (Corrigido): 66,00 \u00b1 0,50.Acidez (% \u00c1cido C\u00edtrico p\/p): 2,85 a 5,12.Ratio (Brix\/Acidez): 13,00 a 23,00.\ufeffPolpa (% v\/v a 11,5\u00b0 Bix): 8,00 a 12,00pH: 3,00 a 4,20Cor: 35 a 38Sabor: 35 a 38Defeito: 19 a 20Score Total: [&hellip;]<\/p>\n","protected":false},"author":1,"featured_media":0,"parent":0,"menu_order":0,"comment_status":"closed","ping_status":"closed","template":"page-templates\/full-width-page.php","meta":{"footnotes":""},"class_list":["post-48","page","type-page","status-publish","hentry"],"yoast_head":"<!-- This site is optimized with the Yoast SEO plugin v27.3 - https:\/\/yoast.com\/product\/yoast-seo-wordpress\/ -->\n<title>Laranja | O Melhor dos Tr\u00f3picos<\/title>\n<meta name=\"robots\" content=\"index, follow, max-snippet:-1, max-image-preview:large, max-video-preview:-1\" \/>\n<link rel=\"canonical\" href=\"https:\/\/intrafrut.com.br\/en\/laranja\/\" \/>\n<meta property=\"og:locale\" content=\"en_US\" \/>\n<meta property=\"og:type\" content=\"article\" \/>\n<meta property=\"og:title\" content=\"Laranja | O Melhor dos Tr\u00f3picos\" \/>\n<meta property=\"og:description\" content=\"Suco de&nbsp;Laranja&nbsp;Concentrado e Congelado Variedade:&nbsp; &nbsp; &nbsp; &nbsp; &nbsp; &nbsp; &nbsp; P\u00eara Nome Cient\u00edfico:&nbsp;&nbsp;&nbsp;Citrus sinensis 1- CARACTER\u00cdSTICAS F\u00cdSICO-QU\u00cdMICAS Brix (Corrigido): 66,00 \u00b1 0,50.Acidez (% \u00c1cido C\u00edtrico p\/p): 2,85 a 5,12.Ratio (Brix\/Acidez): 13,00 a 23,00.\ufeffPolpa (% v\/v a 11,5\u00b0 Bix): 8,00 a 12,00pH: 3,00 a 4,20Cor: 35 a 38Sabor: 35 a 38Defeito: 19 a 20Score Total: [&hellip;]\" \/>\n<meta property=\"og:url\" content=\"https:\/\/intrafrut.com.br\/en\/laranja\/\" \/>\n<meta property=\"og:site_name\" content=\"O Melhor dos Tr\u00f3picos\" \/>\n<meta property=\"article:modified_time\" content=\"2020-08-19T19:58:15+00:00\" \/>\n<meta property=\"og:image\" content=\"https:\/\/novo.tropfruit.com.br\/tropfruit\/wp-content\/uploads\/2020\/01\/cropped-cropped-Drinks_Juice_Orange_467698_3840x2400-scaled-1.jpg\" \/>\n<meta name=\"twitter:card\" content=\"summary_large_image\" \/>\n<meta name=\"twitter:label1\" content=\"Est. reading time\" \/>\n\t<meta name=\"twitter:data1\" content=\"1 minute\" \/>\n<script type=\"application\/ld+json\" class=\"yoast-schema-graph\">{\"@context\":\"https:\\\/\\\/schema.org\",\"@graph\":[{\"@type\":\"WebPage\",\"@id\":\"https:\\\/\\\/intrafrut.com.br\\\/laranja\\\/\",\"url\":\"https:\\\/\\\/intrafrut.com.br\\\/laranja\\\/\",\"name\":\"Laranja | O Melhor dos Tr\u00f3picos\",\"isPartOf\":{\"@id\":\"https:\\\/\\\/intrafrut.com.br\\\/#website\"},\"primaryImageOfPage\":{\"@id\":\"https:\\\/\\\/intrafrut.com.br\\\/laranja\\\/#primaryimage\"},\"image\":{\"@id\":\"https:\\\/\\\/intrafrut.com.br\\\/laranja\\\/#primaryimage\"},\"thumbnailUrl\":\"https:\\\/\\\/novo.tropfruit.com.br\\\/tropfruit\\\/wp-content\\\/uploads\\\/2020\\\/01\\\/cropped-cropped-Drinks_Juice_Orange_467698_3840x2400-scaled-1.jpg\",\"datePublished\":\"2020-01-29T12:43:28+00:00\",\"dateModified\":\"2020-08-19T19:58:15+00:00\",\"breadcrumb\":{\"@id\":\"https:\\\/\\\/intrafrut.com.br\\\/laranja\\\/#breadcrumb\"},\"inLanguage\":\"en-US\",\"potentialAction\":[{\"@type\":\"ReadAction\",\"target\":[\"https:\\\/\\\/intrafrut.com.br\\\/laranja\\\/\"]}]},{\"@type\":\"ImageObject\",\"inLanguage\":\"en-US\",\"@id\":\"https:\\\/\\\/intrafrut.com.br\\\/laranja\\\/#primaryimage\",\"url\":\"https:\\\/\\\/novo.tropfruit.com.br\\\/tropfruit\\\/wp-content\\\/uploads\\\/2020\\\/01\\\/cropped-cropped-Drinks_Juice_Orange_467698_3840x2400-scaled-1.jpg\",\"contentUrl\":\"https:\\\/\\\/novo.tropfruit.com.br\\\/tropfruit\\\/wp-content\\\/uploads\\\/2020\\\/01\\\/cropped-cropped-Drinks_Juice_Orange_467698_3840x2400-scaled-1.jpg\"},{\"@type\":\"BreadcrumbList\",\"@id\":\"https:\\\/\\\/intrafrut.com.br\\\/laranja\\\/#breadcrumb\",\"itemListElement\":[{\"@type\":\"ListItem\",\"position\":1,\"name\":\"In\u00edcio\",\"item\":\"https:\\\/\\\/intrafrut.com.br\\\/\"},{\"@type\":\"ListItem\",\"position\":2,\"name\":\"Laranja\"}]},{\"@type\":\"WebSite\",\"@id\":\"https:\\\/\\\/intrafrut.com.br\\\/#website\",\"url\":\"https:\\\/\\\/intrafrut.com.br\\\/\",\"name\":\"Tropfruit Nordeste\",\"description\":\"\",\"publisher\":{\"@id\":\"https:\\\/\\\/intrafrut.com.br\\\/#organization\"},\"potentialAction\":[{\"@type\":\"SearchAction\",\"target\":{\"@type\":\"EntryPoint\",\"urlTemplate\":\"https:\\\/\\\/intrafrut.com.br\\\/?s={search_term_string}\"},\"query-input\":{\"@type\":\"PropertyValueSpecification\",\"valueRequired\":true,\"valueName\":\"search_term_string\"}}],\"inLanguage\":\"en-US\"},{\"@type\":\"Organization\",\"@id\":\"https:\\\/\\\/intrafrut.com.br\\\/#organization\",\"name\":\"Tropfruit Nordeste\",\"url\":\"https:\\\/\\\/intrafrut.com.br\\\/\",\"logo\":{\"@type\":\"ImageObject\",\"inLanguage\":\"en-US\",\"@id\":\"https:\\\/\\\/intrafrut.com.br\\\/#\\\/schema\\\/logo\\\/image\\\/\",\"url\":\"\",\"contentUrl\":\"\",\"caption\":\"Tropfruit Nordeste\"},\"image\":{\"@id\":\"https:\\\/\\\/intrafrut.com.br\\\/#\\\/schema\\\/logo\\\/image\\\/\"},\"sameAs\":[\"https:\\\/\\\/www.linkedin.com\\\/company\\\/tropfruit-nordeste-s-a\\\/\"]}]}<\/script>\n<!-- \/ Yoast SEO plugin. -->","yoast_head_json":{"title":"Laranja | O Melhor dos Tr\u00f3picos","robots":{"index":"index","follow":"follow","max-snippet":"max-snippet:-1","max-image-preview":"max-image-preview:large","max-video-preview":"max-video-preview:-1"},"canonical":"https:\/\/intrafrut.com.br\/en\/laranja\/","og_locale":"en_US","og_type":"article","og_title":"Laranja | O Melhor dos Tr\u00f3picos","og_description":"Suco de&nbsp;Laranja&nbsp;Concentrado e Congelado Variedade:&nbsp; &nbsp; &nbsp; &nbsp; &nbsp; &nbsp; &nbsp; P\u00eara Nome Cient\u00edfico:&nbsp;&nbsp;&nbsp;Citrus sinensis 1- CARACTER\u00cdSTICAS F\u00cdSICO-QU\u00cdMICAS Brix (Corrigido): 66,00 \u00b1 0,50.Acidez (% \u00c1cido C\u00edtrico p\/p): 2,85 a 5,12.Ratio (Brix\/Acidez): 13,00 a 23,00.\ufeffPolpa (% v\/v a 11,5\u00b0 Bix): 8,00 a 12,00pH: 3,00 a 4,20Cor: 35 a 38Sabor: 35 a 38Defeito: 19 a 20Score Total: [&hellip;]","og_url":"https:\/\/intrafrut.com.br\/en\/laranja\/","og_site_name":"O Melhor dos Tr\u00f3picos","article_modified_time":"2020-08-19T19:58:15+00:00","og_image":[{"url":"https:\/\/novo.tropfruit.com.br\/tropfruit\/wp-content\/uploads\/2020\/01\/cropped-cropped-Drinks_Juice_Orange_467698_3840x2400-scaled-1.jpg","type":"","width":"","height":""}],"twitter_card":"summary_large_image","twitter_misc":{"Est. reading time":"1 minute"},"schema":{"@context":"https:\/\/schema.org","@graph":[{"@type":"WebPage","@id":"https:\/\/intrafrut.com.br\/laranja\/","url":"https:\/\/intrafrut.com.br\/laranja\/","name":"Laranja | O Melhor dos Tr\u00f3picos","isPartOf":{"@id":"https:\/\/intrafrut.com.br\/#website"},"primaryImageOfPage":{"@id":"https:\/\/intrafrut.com.br\/laranja\/#primaryimage"},"image":{"@id":"https:\/\/intrafrut.com.br\/laranja\/#primaryimage"},"thumbnailUrl":"https:\/\/novo.tropfruit.com.br\/tropfruit\/wp-content\/uploads\/2020\/01\/cropped-cropped-Drinks_Juice_Orange_467698_3840x2400-scaled-1.jpg","datePublished":"2020-01-29T12:43:28+00:00","dateModified":"2020-08-19T19:58:15+00:00","breadcrumb":{"@id":"https:\/\/intrafrut.com.br\/laranja\/#breadcrumb"},"inLanguage":"en-US","potentialAction":[{"@type":"ReadAction","target":["https:\/\/intrafrut.com.br\/laranja\/"]}]},{"@type":"ImageObject","inLanguage":"en-US","@id":"https:\/\/intrafrut.com.br\/laranja\/#primaryimage","url":"https:\/\/novo.tropfruit.com.br\/tropfruit\/wp-content\/uploads\/2020\/01\/cropped-cropped-Drinks_Juice_Orange_467698_3840x2400-scaled-1.jpg","contentUrl":"https:\/\/novo.tropfruit.com.br\/tropfruit\/wp-content\/uploads\/2020\/01\/cropped-cropped-Drinks_Juice_Orange_467698_3840x2400-scaled-1.jpg"},{"@type":"BreadcrumbList","@id":"https:\/\/intrafrut.com.br\/laranja\/#breadcrumb","itemListElement":[{"@type":"ListItem","position":1,"name":"In\u00edcio","item":"https:\/\/intrafrut.com.br\/"},{"@type":"ListItem","position":2,"name":"Laranja"}]},{"@type":"WebSite","@id":"https:\/\/intrafrut.com.br\/#website","url":"https:\/\/intrafrut.com.br\/","name":"Tropfruit Nordeste","description":"","publisher":{"@id":"https:\/\/intrafrut.com.br\/#organization"},"potentialAction":[{"@type":"SearchAction","target":{"@type":"EntryPoint","urlTemplate":"https:\/\/intrafrut.com.br\/?s={search_term_string}"},"query-input":{"@type":"PropertyValueSpecification","valueRequired":true,"valueName":"search_term_string"}}],"inLanguage":"en-US"},{"@type":"Organization","@id":"https:\/\/intrafrut.com.br\/#organization","name":"Tropfruit Nordeste","url":"https:\/\/intrafrut.com.br\/","logo":{"@type":"ImageObject","inLanguage":"en-US","@id":"https:\/\/intrafrut.com.br\/#\/schema\/logo\/image\/","url":"","contentUrl":"","caption":"Tropfruit Nordeste"},"image":{"@id":"https:\/\/intrafrut.com.br\/#\/schema\/logo\/image\/"},"sameAs":["https:\/\/www.linkedin.com\/company\/tropfruit-nordeste-s-a\/"]}]}},"_links":{"self":[{"href":"https:\/\/intrafrut.com.br\/en\/wp-json\/wp\/v2\/pages\/48","targetHints":{"allow":["GET"]}}],"collection":[{"href":"https:\/\/intrafrut.com.br\/en\/wp-json\/wp\/v2\/pages"}],"about":[{"href":"https:\/\/intrafrut.com.br\/en\/wp-json\/wp\/v2\/types\/page"}],"author":[{"embeddable":true,"href":"https:\/\/intrafrut.com.br\/en\/wp-json\/wp\/v2\/users\/1"}],"replies":[{"embeddable":true,"href":"https:\/\/intrafrut.com.br\/en\/wp-json\/wp\/v2\/comments?post=48"}],"version-history":[{"count":15,"href":"https:\/\/intrafrut.com.br\/en\/wp-json\/wp\/v2\/pages\/48\/revisions"}],"predecessor-version":[{"id":2702,"href":"https:\/\/intrafrut.com.br\/en\/wp-json\/wp\/v2\/pages\/48\/revisions\/2702"}],"wp:attachment":[{"href":"https:\/\/intrafrut.com.br\/en\/wp-json\/wp\/v2\/media?parent=48"}],"curies":[{"name":"wp","href":"https:\/\/api.w.org\/{rel}","templated":true}]}}