{"id":3649,"date":"2024-03-30T10:23:31","date_gmt":"2024-03-30T13:23:31","guid":{"rendered":"https:\/\/intrafrut.com.br\/?page_id=3649"},"modified":"2026-04-02T14:56:55","modified_gmt":"2026-04-02T17:56:55","slug":"publicacoes","status":"publish","type":"page","link":"https:\/\/intrafrut.com.br\/en\/publicacoes\/","title":{"rendered":"Publica\u00e7\u00f5es"},"content":{"rendered":"<div data-colibri-id=\"3649-c1\" class=\"style-1465 style-local-3649-c1 position-relative\">\n  <div data-colibri-component=\"section\" data-colibri-id=\"3649-c2\" id=\"initial-content\" class=\"h-section h-section-global-spacing d-flex align-items-lg-center align-items-md-center align-items-center style-1466 style-local-3649-c2 position-relative\">\n    \n    <div class=\"h-section-grid-container\">\n\n      <!-- T\u00cdTULO -->\n      <div data-colibri-id=\"3649-c3\" class=\"h-row-container gutters-row-lg-2 gutters-row-md-2 gutters-row-0 gutters-row-v-lg-2 gutters-row-v-md-2 gutters-row-v-2 style-1467 style-local-3649-c3 position-relative\">\n        <div class=\"h-row justify-content-lg-center justify-content-md-center justify-content-center align-items-lg-stretch align-items-md-stretch align-items-stretch gutters-col-lg-2 gutters-col-md-2 gutters-col-0 gutters-col-v-lg-2 gutters-col-v-md-2 gutters-col-v-2\">\n          \n          <div class=\"h-column h-column-container d-flex h-col-lg-auto h-col-md-auto h-col-auto style-1468-outer style-local-3649-c4-outer\">\n            <div data-colibri-id=\"3649-c4\" class=\"d-flex h-flex-basis h-column__inner h-px-lg-2 h-px-md-2 h-px-2 v-inner-lg-2 v-inner-md-2 v-inner-2 style-1468 style-local-3649-c4 position-relative\">\n              <div class=\"w-100 h-y-container h-column__content h-column__v-align flex-basis-100 align-self-lg-center align-self-md-center align-self-center\">\n                <div data-colibri-id=\"3649-c5\" class=\"h-global-transition-all h-heading style-1477 style-local-3649-c5 position-relative h-element\">\n                  <div class=\"h-heading__outer style-1477 style-local-3649-c5\" style=\"text-align:center;\">\n                    <h5>RELAT\u00d3RIO DE TRANSPAR\u00caNCIA E IGUALDADE SALARIAL DE MULHERES E HOMENS<\/h5>\n                  <\/div>\n                <\/div>\n              <\/div>\n            <\/div>\n          <\/div>\n\n        <\/div>\n      <\/div>\n\n      <!-- LINKS -->\n      <div data-colibri-id=\"3649-c6\" class=\"h-row-container gutters-row-lg-2 gutters-row-md-2 gutters-row-0 gutters-row-v-lg-2 gutters-row-v-md-2 gutters-row-v-2 style-1484 style-local-3649-c6 position-relative\">\n        <div class=\"h-row justify-content-lg-center justify-content-md-center justify-content-center align-items-lg-stretch align-items-md-stretch align-items-stretch gutters-col-lg-2 gutters-col-md-2 gutters-col-0 gutters-col-v-lg-2 gutters-col-v-md-2 gutters-col-v-2\" style=\"justify-content:center; flex-wrap:wrap;\">\n\n          <!-- 1\u00ba 2024 -->\n          <div class=\"h-column h-column-container d-flex h-col-lg-auto h-col-md-auto h-col-auto style-1485-outer style-local-3649-c7-outer\">\n            <div class=\"d-flex h-flex-basis h-column__inner h-px-lg-2 h-px-md-2 h-px-2 v-inner-lg-2 v-inner-md-2 v-inner-2 style-1485 style-local-3649-c7 position-relative\">\n              <a href=\"https:\/\/intrafrut.com.br\/wp-content\/uploads\/2024\/04\/declaracao-de-igualdade-intrafrut.pdf\" class=\"d-flex w-100 align-items-center h-link style-1483 style-local-3649-c9\">\n                <span>1\u00ba Semestre de 2024<\/span>\n              <\/a>\n            <\/div>\n          <\/div>\n\n          <!-- 2\u00ba 2024 -->\n          <div class=\"h-column h-column-container d-flex h-col-lg-auto h-col-md-auto h-col-auto style-1486-outer style-local-3649-c10-outer\">\n            <div class=\"d-flex h-flex-basis h-column__inner h-px-lg-2 h-px-md-2 h-px-2 v-inner-lg-2 v-inner-md-2 v-inner-2 style-1486 style-local-3649-c10 position-relative\">\n              <a href=\"https:\/\/intrafrut.com.br\/wp-content\/uploads\/2025\/09\/RelatorioIgualdadeSalarialLote_2024_2_8972622000193.pdf\" class=\"d-flex w-100 align-items-center h-link style-1488 style-local-3649-c12\">\n                <span>2\u00ba Semestre 2024<\/span>\n              <\/a>\n            <\/div>\n          <\/div>\n\n          <!-- 1\u00ba 2025 -->\n          <div class=\"h-column h-column-container d-flex h-col-lg-auto h-col-md-auto h-col-auto style-1489-outer style-local-3649-c13-outer\">\n            <div class=\"d-flex h-flex-basis h-column__inner h-px-lg-2 h-px-md-2 h-px-2 v-inner-lg-2 v-inner-md-2 v-inner-2 style-1489 style-local-3649-c13 position-relative\">\n              <a href=\"https:\/\/intrafrut.com.br\/wp-content\/uploads\/2025\/09\/RelatorioIgualdadeSalarialLote_2025_1_8972622000193.pdf\" class=\"d-flex w-100 align-items-center h-link style-1491 style-local-3649-c15\">\n                <span>1\u00ba Semestre de 2025<\/span>\n              <\/a>\n            <\/div>\n          <\/div>\n\n          <!-- 2\u00ba 2025 -->\n          <div class=\"h-column h-column-container d-flex h-col-lg-auto h-col-md-auto h-col-auto style-1492-outer style-local-3649-c16-outer\">\n            <div class=\"d-flex h-flex-basis h-column__inner h-px-lg-2 h-px-md-2 h-px-2 v-inner-lg-2 v-inner-md-2 v-inner-2 style-1492 style-local-3649-c16 position-relative\">\n              <a href=\"https:\/\/intrafrut.com.br\/wp-content\/uploads\/2025\/09\/RelatorioIgualdadeSalarialLote_2025_2_8972622000193.pdf\" class=\"d-flex w-100 align-items-center h-link style-1494 style-local-3649-c18\">\n                <span>2\u00ba Semestre de 2025<\/span>\n              <\/a>\n            <\/div>\n          <\/div>\n\n          <!-- \u2705 1\u00ba 2026 -->\n          <div class=\"h-column h-column-container d-flex h-col-lg-auto h-col-md-auto h-col-auto style-1492-outer style-local-3649-c16-outer\">\n            <div class=\"d-flex h-flex-basis h-column__inner h-px-lg-2 h-px-md-2 h-px-2 v-inner-lg-2 v-inner-md-2 v-inner-2 style-1492 position-relative\">\n              <a href=\"https:\/\/intrafrut.com.br\/wp-content\/uploads\/2026\/04\/RelatorioIgualdadeSalarialLote_2026_intra.pdf\"\n                 target=\"_blank\"\n                 class=\"d-flex w-100 align-items-center h-link style-1494\">\n                <span>1\u00ba Semestre de 2026<\/span>\n              <\/a>\n            <\/div>\n          <\/div>\n\n        <\/div>\n      <\/div>\n\n    <\/div>\n  <\/div>\n<\/div>","protected":false},"excerpt":{"rendered":"<p>RELAT\u00d3RIO DE TRANSPAR\u00caNCIA E IGUALDADE SALARIAL DE MULHERES E HOMENS 1\u00ba Semestre de 2024 2\u00ba Semestre 2024 1\u00ba Semestre de 2025 2\u00ba Semestre de 2025 1\u00ba Semestre de 2026<\/p>","protected":false},"author":1,"featured_media":0,"parent":0,"menu_order":0,"comment_status":"closed","ping_status":"closed","template":"page-templates\/homepage.php","meta":{"footnotes":""},"class_list":["post-3649","page","type-page","status-publish","hentry"],"yoast_head":"<!-- This site is optimized with the Yoast SEO plugin v27.3 - https:\/\/yoast.com\/product\/yoast-seo-wordpress\/ -->\n<title>Publica\u00e7\u00f5es | O Melhor dos Tr\u00f3picos<\/title>\n<meta name=\"robots\" content=\"index, follow, max-snippet:-1, max-image-preview:large, max-video-preview:-1\" \/>\n<link rel=\"canonical\" href=\"https:\/\/intrafrut.com.br\/en\/publicacoes\/\" \/>\n<meta property=\"og:locale\" content=\"en_US\" \/>\n<meta property=\"og:type\" content=\"article\" \/>\n<meta property=\"og:title\" content=\"Publica\u00e7\u00f5es | O Melhor dos Tr\u00f3picos\" \/>\n<meta property=\"og:description\" content=\"RELAT\u00d3RIO DE TRANSPAR\u00caNCIA E IGUALDADE SALARIAL DE MULHERES E HOMENS 1\u00ba Semestre de 2024 2\u00ba Semestre 2024 1\u00ba Semestre de 2025 2\u00ba Semestre de 2025 1\u00ba Semestre de 2026\" \/>\n<meta property=\"og:url\" content=\"https:\/\/intrafrut.com.br\/en\/publicacoes\/\" \/>\n<meta property=\"og:site_name\" content=\"O Melhor dos Tr\u00f3picos\" \/>\n<meta property=\"article:modified_time\" content=\"2026-04-02T17:56:55+00:00\" \/>\n<meta name=\"twitter:card\" content=\"summary_large_image\" \/>\n<meta name=\"twitter:label1\" content=\"Est. reading time\" \/>\n\t<meta name=\"twitter:data1\" content=\"1 minute\" \/>\n<script type=\"application\/ld+json\" class=\"yoast-schema-graph\">{\"@context\":\"https:\\\/\\\/schema.org\",\"@graph\":[{\"@type\":\"WebPage\",\"@id\":\"https:\\\/\\\/intrafrut.com.br\\\/publicacoes\\\/\",\"url\":\"https:\\\/\\\/intrafrut.com.br\\\/publicacoes\\\/\",\"name\":\"Publica\u00e7\u00f5es | O Melhor dos Tr\u00f3picos\",\"isPartOf\":{\"@id\":\"https:\\\/\\\/intrafrut.com.br\\\/#website\"},\"datePublished\":\"2024-03-30T13:23:31+00:00\",\"dateModified\":\"2026-04-02T17:56:55+00:00\",\"breadcrumb\":{\"@id\":\"https:\\\/\\\/intrafrut.com.br\\\/publicacoes\\\/#breadcrumb\"},\"inLanguage\":\"en-US\",\"potentialAction\":[{\"@type\":\"ReadAction\",\"target\":[\"https:\\\/\\\/intrafrut.com.br\\\/publicacoes\\\/\"]}]},{\"@type\":\"BreadcrumbList\",\"@id\":\"https:\\\/\\\/intrafrut.com.br\\\/publicacoes\\\/#breadcrumb\",\"itemListElement\":[{\"@type\":\"ListItem\",\"position\":1,\"name\":\"In\u00edcio\",\"item\":\"https:\\\/\\\/intrafrut.com.br\\\/\"},{\"@type\":\"ListItem\",\"position\":2,\"name\":\"Publica\u00e7\u00f5es\"}]},{\"@type\":\"WebSite\",\"@id\":\"https:\\\/\\\/intrafrut.com.br\\\/#website\",\"url\":\"https:\\\/\\\/intrafrut.com.br\\\/\",\"name\":\"Tropfruit Nordeste\",\"description\":\"\",\"publisher\":{\"@id\":\"https:\\\/\\\/intrafrut.com.br\\\/#organization\"},\"potentialAction\":[{\"@type\":\"SearchAction\",\"target\":{\"@type\":\"EntryPoint\",\"urlTemplate\":\"https:\\\/\\\/intrafrut.com.br\\\/?s={search_term_string}\"},\"query-input\":{\"@type\":\"PropertyValueSpecification\",\"valueRequired\":true,\"valueName\":\"search_term_string\"}}],\"inLanguage\":\"en-US\"},{\"@type\":\"Organization\",\"@id\":\"https:\\\/\\\/intrafrut.com.br\\\/#organization\",\"name\":\"Tropfruit Nordeste\",\"url\":\"https:\\\/\\\/intrafrut.com.br\\\/\",\"logo\":{\"@type\":\"ImageObject\",\"inLanguage\":\"en-US\",\"@id\":\"https:\\\/\\\/intrafrut.com.br\\\/#\\\/schema\\\/logo\\\/image\\\/\",\"url\":\"\",\"contentUrl\":\"\",\"caption\":\"Tropfruit Nordeste\"},\"image\":{\"@id\":\"https:\\\/\\\/intrafrut.com.br\\\/#\\\/schema\\\/logo\\\/image\\\/\"},\"sameAs\":[\"https:\\\/\\\/www.linkedin.com\\\/company\\\/tropfruit-nordeste-s-a\\\/\"]}]}<\/script>\n<!-- \/ Yoast SEO plugin. -->","yoast_head_json":{"title":"Publica\u00e7\u00f5es | O Melhor dos Tr\u00f3picos","robots":{"index":"index","follow":"follow","max-snippet":"max-snippet:-1","max-image-preview":"max-image-preview:large","max-video-preview":"max-video-preview:-1"},"canonical":"https:\/\/intrafrut.com.br\/en\/publicacoes\/","og_locale":"en_US","og_type":"article","og_title":"Publica\u00e7\u00f5es | O Melhor dos Tr\u00f3picos","og_description":"RELAT\u00d3RIO DE TRANSPAR\u00caNCIA E IGUALDADE SALARIAL DE MULHERES E HOMENS 1\u00ba Semestre de 2024 2\u00ba Semestre 2024 1\u00ba Semestre de 2025 2\u00ba Semestre de 2025 1\u00ba Semestre de 2026","og_url":"https:\/\/intrafrut.com.br\/en\/publicacoes\/","og_site_name":"O Melhor dos Tr\u00f3picos","article_modified_time":"2026-04-02T17:56:55+00:00","twitter_card":"summary_large_image","twitter_misc":{"Est. reading time":"1 minute"},"schema":{"@context":"https:\/\/schema.org","@graph":[{"@type":"WebPage","@id":"https:\/\/intrafrut.com.br\/publicacoes\/","url":"https:\/\/intrafrut.com.br\/publicacoes\/","name":"Publica\u00e7\u00f5es | O Melhor dos Tr\u00f3picos","isPartOf":{"@id":"https:\/\/intrafrut.com.br\/#website"},"datePublished":"2024-03-30T13:23:31+00:00","dateModified":"2026-04-02T17:56:55+00:00","breadcrumb":{"@id":"https:\/\/intrafrut.com.br\/publicacoes\/#breadcrumb"},"inLanguage":"en-US","potentialAction":[{"@type":"ReadAction","target":["https:\/\/intrafrut.com.br\/publicacoes\/"]}]},{"@type":"BreadcrumbList","@id":"https:\/\/intrafrut.com.br\/publicacoes\/#breadcrumb","itemListElement":[{"@type":"ListItem","position":1,"name":"In\u00edcio","item":"https:\/\/intrafrut.com.br\/"},{"@type":"ListItem","position":2,"name":"Publica\u00e7\u00f5es"}]},{"@type":"WebSite","@id":"https:\/\/intrafrut.com.br\/#website","url":"https:\/\/intrafrut.com.br\/","name":"Tropfruit Nordeste","description":"","publisher":{"@id":"https:\/\/intrafrut.com.br\/#organization"},"potentialAction":[{"@type":"SearchAction","target":{"@type":"EntryPoint","urlTemplate":"https:\/\/intrafrut.com.br\/?s={search_term_string}"},"query-input":{"@type":"PropertyValueSpecification","valueRequired":true,"valueName":"search_term_string"}}],"inLanguage":"en-US"},{"@type":"Organization","@id":"https:\/\/intrafrut.com.br\/#organization","name":"Tropfruit Nordeste","url":"https:\/\/intrafrut.com.br\/","logo":{"@type":"ImageObject","inLanguage":"en-US","@id":"https:\/\/intrafrut.com.br\/#\/schema\/logo\/image\/","url":"","contentUrl":"","caption":"Tropfruit Nordeste"},"image":{"@id":"https:\/\/intrafrut.com.br\/#\/schema\/logo\/image\/"},"sameAs":["https:\/\/www.linkedin.com\/company\/tropfruit-nordeste-s-a\/"]}]}},"_links":{"self":[{"href":"https:\/\/intrafrut.com.br\/en\/wp-json\/wp\/v2\/pages\/3649","targetHints":{"allow":["GET"]}}],"collection":[{"href":"https:\/\/intrafrut.com.br\/en\/wp-json\/wp\/v2\/pages"}],"about":[{"href":"https:\/\/intrafrut.com.br\/en\/wp-json\/wp\/v2\/types\/page"}],"author":[{"embeddable":true,"href":"https:\/\/intrafrut.com.br\/en\/wp-json\/wp\/v2\/users\/1"}],"replies":[{"embeddable":true,"href":"https:\/\/intrafrut.com.br\/en\/wp-json\/wp\/v2\/comments?post=3649"}],"version-history":[{"count":16,"href":"https:\/\/intrafrut.com.br\/en\/wp-json\/wp\/v2\/pages\/3649\/revisions"}],"predecessor-version":[{"id":3726,"href":"https:\/\/intrafrut.com.br\/en\/wp-json\/wp\/v2\/pages\/3649\/revisions\/3726"}],"wp:attachment":[{"href":"https:\/\/intrafrut.com.br\/en\/wp-json\/wp\/v2\/media?parent=3649"}],"curies":[{"name":"wp","href":"https:\/\/api.w.org\/{rel}","templated":true}]}}