{"id":3115,"date":"2020-10-14T17:02:16","date_gmt":"2020-10-14T20:02:16","guid":{"rendered":"https:\/\/intrafrut.com.br\/?page_id=3115"},"modified":"2020-10-14T17:06:35","modified_gmt":"2020-10-14T20:06:35","slug":"polpa-de-goiaba","status":"publish","type":"page","link":"https:\/\/intrafrut.com.br\/en\/polpa-de-goiaba\/","title":{"rendered":"Guava Pulp"},"content":{"rendered":"<div data-colibri-id=\"3115-c1\" class=\"style-1266 style-local-3115-c1 position-relative\">\n  <!---->\n  <div data-colibri-component=\"section\" data-colibri-id=\"3115-c2\" id=\"about\" class=\"h-section h-section-global-spacing d-flex align-items-lg-center align-items-md-center align-items-center style-1267 style-local-3115-c2 position-relative\">\n    <!---->\n    <!---->\n    <div class=\"h-section-grid-container h-section-boxed-container\">\n      <!---->\n      <div data-colibri-id=\"3115-c3\" class=\"h-row-container gutters-row-lg-2 gutters-row-md-2 gutters-row-2 gutters-row-v-lg-2 gutters-row-v-md-2 gutters-row-v-2 style-1268 style-local-3115-c3 position-relative\">\n        <!---->\n        <div class=\"h-row justify-content-lg-center justify-content-md-center justify-content-center align-items-lg-stretch align-items-md-stretch align-items-stretch gutters-col-lg-2 gutters-col-md-2 gutters-col-2 gutters-col-v-lg-2 gutters-col-v-md-2 gutters-col-v-2\">\n          <!---->\n          <div class=\"h-column h-column-container d-flex h-col-lg-auto h-col-md-auto h-col-auto style-1269-outer style-local-3115-c4-outer\">\n            <div data-colibri-id=\"3115-c4\" class=\"d-flex h-flex-basis h-column__inner h-px-lg-2 h-px-md-2 h-px-2 v-inner-lg-2 v-inner-md-2 v-inner-2 style-1269 style-local-3115-c4 position-relative\">\n              <!---->\n              <!---->\n              <div class=\"w-100 h-y-container h-column__content h-column__v-align flex-basis-100 align-self-lg-center align-self-md-center align-self-center\">\n                <!---->\n                <div data-colibri-id=\"3115-c7\" class=\"h-text h-text-component style-1272 style-local-3115-c7 position-relative h-element\">\n                  <!---->\n                  <!---->\n                  <div class=\"\">\n                    <p><strong>1. ORGANOLEPTIC CHARACTERISTICS<\/strong><\/p>\n                    <p><span style=\"color: rgb(70, 112, 128); font-family: &quot;Open Sans&quot;; font-size: 16px; font-weight: 400;\">Appearance: Viscous liquid<\/span>\n                      <br>Color: Red\n                      <br>Flavor: Own\n                      <br>Aroma: Own<\/p>\n                    <p><strong>2. PHYSICAL AND CHEMICAL CHARACTERISTICS<\/strong><\/p>\n                    <p>Brix (Corrected): 7,00 to 9,00\n                      <br>Acidity (Citric Acid% w \/w ): 0,40 to 0,60\n                      <br>Ratio (Brix\/Acidity): 11,00 to 23,00\n                      <br>Pulp (% v \/ v): 85,00 to 100,00\n                      <br>Flavor: 37 to 38\n                      <br>Defect: 19 to 20\n                      <br>Vit C (mg\/100 ml): Min. 25,00 a 60,00\n                      <br>Viscosity (cps.): 6900 \u2013 11000<\/p>\n                    <p><strong>3. MICROBIOLOGY<\/strong><\/p>\n                    <p>Total Count (cfu \/ g) max: 1000\n                      <br>Count Moulds \/ Yeast Count (cfu \/ g) max: 100\n                      <br>Coliforms - Absent<\/p>\n                    <p><strong style=\"color: rgb(70, 112, 128); font-family: &quot;Open Sans&quot;; font-size: 16px;\">4. STORAGE AND SHELF LIFE<\/strong><\/p>\n                    <p><span style=\"color: rgb(70, 112, 128); font-family: &quot;Open Sans&quot;; font-size: 16px; font-weight: 400;\">Storage: -12\u00baC to -18\u00baC<\/span>\n                      <br>Shelf Life: 24 months<\/p>\n                    <p>\n                      <br>\n                    <\/p>\n                  <\/div>\n                <\/div>\n                <div data-colibri-id=\"3115-c8\" class=\"h-x-container style-1273 style-local-3115-c8 position-relative h-element\">\n                  <!---->\n                  <div class=\"h-x-container-inner style-dynamic-3115-c8-group style-1273-spacing style-local-3115-c8-spacing\"><span class=\"h-button__outer style-1274-outer style-local-3115-c9-outer d-inline-flex h-element\"><a h-use-smooth-scroll=\"true\" href=\"https:\/\/intrafrut.com.br\/en\/produtos\/\"  data-colibri-id=\"3115-c9\" class=\"d-flex w-100 align-items-center h-button justify-content-lg-center justify-content-md-center justify-content-center style-1274 style-local-3115-c9 position-relative\"><!----><!----> <span>products<\/span><\/a>\n                    <\/span>\n                  <\/div>\n                <\/div>\n              <\/div>\n            <\/div>\n          <\/div>\n          <div class=\"h-column h-column-container d-flex h-col-lg-auto h-col-md-auto h-col-auto style-1275-outer style-local-3115-c10-outer\">\n            <div data-colibri-id=\"3115-c10\" class=\"d-flex h-flex-basis h-column__inner h-px-lg-2 h-px-md-2 h-px-2 v-inner-lg-2 v-inner-md-2 v-inner-2 style-1275 style-local-3115-c10 position-relative\">\n              <!---->\n              <!---->\n              <div class=\"w-100 h-y-container h-column__content h-column__v-align flex-basis-100 align-self-lg-start align-self-md-start align-self-start\">\n                <!---->\n                <div data-colibri-id=\"3115-c11\" class=\"d-block style-1276 style-local-3115-c11 position-relative h-element\">\n                  <!---->\n                  <div class=\"h-image__frame-container-outer\">\n                    <div class=\"h-image__frame-container\">\n                      <!---->\n                      <!---->\n                      <img loading=\"lazy\" decoding=\"async\" width=\"850\" height=\"565\" src=\"https:\/\/intrafrut.com.br\/wp-content\/uploads\/2020\/10\/polpadegoiaba.jpg\" class=\"wp-image-3118 style-1276-image style-local-3115-c11-image\" alt=\"\" srcset=\"https:\/\/intrafrut.com.br\/wp-content\/uploads\/2020\/10\/polpadegoiaba.jpg 850w, https:\/\/intrafrut.com.br\/wp-content\/uploads\/2020\/10\/polpadegoiaba-300x199.jpg 300w, https:\/\/intrafrut.com.br\/wp-content\/uploads\/2020\/10\/polpadegoiaba-768x510.jpg 768w\" sizes=\"auto, (max-width: 850px) 100vw, 850px\" \/>\n                      <div class=\"h-image__frame h-hide-sm style-1276-frameImage style-local-3115-c11-frameImage\"><\/div>\n                    <\/div>\n                  <\/div>\n                <\/div>\n              <\/div>\n            <\/div>\n          <\/div>\n        <\/div>\n      <\/div>\n    <\/div>\n  <\/div>\n<\/div>","protected":false},"excerpt":{"rendered":"<p>1. CARACTER\u00cdSTICAS ORGANOL\u00c9PTICAS Aspecto: L\u00edquido e viscoso Cor: Vermelho Sabor: Pr\u00f3prio Aroma: Pr\u00f3prio 2. CARACTER\u00cdSTICAS F\u00cdSICO-QU\u00cdMICAS Brix (Corrigido): 7,00 a 9,00 Acidez (% \u00c1cido C\u00edtrico p\/p): 0,40 a 0,60 Ratio (Brix\/Acidez): 11,00 a 23,00 Polpa (%v\/v): 85,00 a 100,00 Sabor: 37 a 38 Defeito: 19 a 20 Vit C (mg\/100 ml): Min. 25,00 a 60,00 [&hellip;]<\/p>\n","protected":false},"author":1,"featured_media":0,"parent":0,"menu_order":0,"comment_status":"closed","ping_status":"closed","template":"page-templates\/full-width-page.php","meta":{"footnotes":""},"class_list":["post-3115","page","type-page","status-publish","hentry"],"yoast_head":"<!-- This site is optimized with the Yoast SEO plugin v27.3 - https:\/\/yoast.com\/product\/yoast-seo-wordpress\/ -->\n<title>Polpa de Goiaba | O Melhor dos Tr\u00f3picos<\/title>\n<meta name=\"robots\" content=\"index, follow, max-snippet:-1, max-image-preview:large, max-video-preview:-1\" \/>\n<link rel=\"canonical\" href=\"https:\/\/intrafrut.com.br\/en\/polpa-de-goiaba\/\" \/>\n<meta property=\"og:locale\" content=\"en_US\" \/>\n<meta property=\"og:type\" content=\"article\" \/>\n<meta property=\"og:title\" content=\"Polpa de Goiaba | O Melhor dos Tr\u00f3picos\" \/>\n<meta property=\"og:description\" content=\"1. CARACTER\u00cdSTICAS ORGANOL\u00c9PTICAS Aspecto: L\u00edquido e viscoso Cor: Vermelho Sabor: Pr\u00f3prio Aroma: Pr\u00f3prio 2. CARACTER\u00cdSTICAS F\u00cdSICO-QU\u00cdMICAS Brix (Corrigido): 7,00 a 9,00 Acidez (% \u00c1cido C\u00edtrico p\/p): 0,40 a 0,60 Ratio (Brix\/Acidez): 11,00 a 23,00 Polpa (%v\/v): 85,00 a 100,00 Sabor: 37 a 38 Defeito: 19 a 20 Vit C (mg\/100 ml): Min. 25,00 a 60,00 [&hellip;]\" \/>\n<meta property=\"og:url\" content=\"https:\/\/intrafrut.com.br\/en\/polpa-de-goiaba\/\" \/>\n<meta property=\"og:site_name\" content=\"O Melhor dos Tr\u00f3picos\" \/>\n<meta property=\"article:modified_time\" content=\"2020-10-14T20:06:35+00:00\" \/>\n<meta property=\"og:image\" content=\"https:\/\/intrafrut.com.br\/wp-content\/uploads\/2020\/10\/polpadegoiaba.jpg\" \/>\n<meta name=\"twitter:card\" content=\"summary_large_image\" \/>\n<script type=\"application\/ld+json\" class=\"yoast-schema-graph\">{\"@context\":\"https:\\\/\\\/schema.org\",\"@graph\":[{\"@type\":\"WebPage\",\"@id\":\"https:\\\/\\\/intrafrut.com.br\\\/polpa-de-goiaba\\\/\",\"url\":\"https:\\\/\\\/intrafrut.com.br\\\/polpa-de-goiaba\\\/\",\"name\":\"Polpa de Goiaba | O Melhor dos Tr\u00f3picos\",\"isPartOf\":{\"@id\":\"https:\\\/\\\/intrafrut.com.br\\\/#website\"},\"primaryImageOfPage\":{\"@id\":\"https:\\\/\\\/intrafrut.com.br\\\/polpa-de-goiaba\\\/#primaryimage\"},\"image\":{\"@id\":\"https:\\\/\\\/intrafrut.com.br\\\/polpa-de-goiaba\\\/#primaryimage\"},\"thumbnailUrl\":\"https:\\\/\\\/intrafrut.com.br\\\/wp-content\\\/uploads\\\/2020\\\/10\\\/polpadegoiaba.jpg\",\"datePublished\":\"2020-10-14T20:02:16+00:00\",\"dateModified\":\"2020-10-14T20:06:35+00:00\",\"breadcrumb\":{\"@id\":\"https:\\\/\\\/intrafrut.com.br\\\/polpa-de-goiaba\\\/#breadcrumb\"},\"inLanguage\":\"en-US\",\"potentialAction\":[{\"@type\":\"ReadAction\",\"target\":[\"https:\\\/\\\/intrafrut.com.br\\\/polpa-de-goiaba\\\/\"]}]},{\"@type\":\"ImageObject\",\"inLanguage\":\"en-US\",\"@id\":\"https:\\\/\\\/intrafrut.com.br\\\/polpa-de-goiaba\\\/#primaryimage\",\"url\":\"https:\\\/\\\/intrafrut.com.br\\\/wp-content\\\/uploads\\\/2020\\\/10\\\/polpadegoiaba.jpg\",\"contentUrl\":\"https:\\\/\\\/intrafrut.com.br\\\/wp-content\\\/uploads\\\/2020\\\/10\\\/polpadegoiaba.jpg\"},{\"@type\":\"BreadcrumbList\",\"@id\":\"https:\\\/\\\/intrafrut.com.br\\\/polpa-de-goiaba\\\/#breadcrumb\",\"itemListElement\":[{\"@type\":\"ListItem\",\"position\":1,\"name\":\"In\u00edcio\",\"item\":\"https:\\\/\\\/intrafrut.com.br\\\/\"},{\"@type\":\"ListItem\",\"position\":2,\"name\":\"Polpa de Goiaba\"}]},{\"@type\":\"WebSite\",\"@id\":\"https:\\\/\\\/intrafrut.com.br\\\/#website\",\"url\":\"https:\\\/\\\/intrafrut.com.br\\\/\",\"name\":\"Tropfruit Nordeste\",\"description\":\"\",\"publisher\":{\"@id\":\"https:\\\/\\\/intrafrut.com.br\\\/#organization\"},\"potentialAction\":[{\"@type\":\"SearchAction\",\"target\":{\"@type\":\"EntryPoint\",\"urlTemplate\":\"https:\\\/\\\/intrafrut.com.br\\\/?s={search_term_string}\"},\"query-input\":{\"@type\":\"PropertyValueSpecification\",\"valueRequired\":true,\"valueName\":\"search_term_string\"}}],\"inLanguage\":\"en-US\"},{\"@type\":\"Organization\",\"@id\":\"https:\\\/\\\/intrafrut.com.br\\\/#organization\",\"name\":\"Tropfruit Nordeste\",\"url\":\"https:\\\/\\\/intrafrut.com.br\\\/\",\"logo\":{\"@type\":\"ImageObject\",\"inLanguage\":\"en-US\",\"@id\":\"https:\\\/\\\/intrafrut.com.br\\\/#\\\/schema\\\/logo\\\/image\\\/\",\"url\":\"\",\"contentUrl\":\"\",\"caption\":\"Tropfruit Nordeste\"},\"image\":{\"@id\":\"https:\\\/\\\/intrafrut.com.br\\\/#\\\/schema\\\/logo\\\/image\\\/\"},\"sameAs\":[\"https:\\\/\\\/www.linkedin.com\\\/company\\\/tropfruit-nordeste-s-a\\\/\"]}]}<\/script>\n<!-- \/ Yoast SEO plugin. -->","yoast_head_json":{"title":"Polpa de Goiaba | O Melhor dos Tr\u00f3picos","robots":{"index":"index","follow":"follow","max-snippet":"max-snippet:-1","max-image-preview":"max-image-preview:large","max-video-preview":"max-video-preview:-1"},"canonical":"https:\/\/intrafrut.com.br\/en\/polpa-de-goiaba\/","og_locale":"en_US","og_type":"article","og_title":"Polpa de Goiaba | O Melhor dos Tr\u00f3picos","og_description":"1. CARACTER\u00cdSTICAS ORGANOL\u00c9PTICAS Aspecto: L\u00edquido e viscoso Cor: Vermelho Sabor: Pr\u00f3prio Aroma: Pr\u00f3prio 2. CARACTER\u00cdSTICAS F\u00cdSICO-QU\u00cdMICAS Brix (Corrigido): 7,00 a 9,00 Acidez (% \u00c1cido C\u00edtrico p\/p): 0,40 a 0,60 Ratio (Brix\/Acidez): 11,00 a 23,00 Polpa (%v\/v): 85,00 a 100,00 Sabor: 37 a 38 Defeito: 19 a 20 Vit C (mg\/100 ml): Min. 25,00 a 60,00 [&hellip;]","og_url":"https:\/\/intrafrut.com.br\/en\/polpa-de-goiaba\/","og_site_name":"O Melhor dos Tr\u00f3picos","article_modified_time":"2020-10-14T20:06:35+00:00","og_image":[{"url":"https:\/\/intrafrut.com.br\/wp-content\/uploads\/2020\/10\/polpadegoiaba.jpg","type":"","width":"","height":""}],"twitter_card":"summary_large_image","schema":{"@context":"https:\/\/schema.org","@graph":[{"@type":"WebPage","@id":"https:\/\/intrafrut.com.br\/polpa-de-goiaba\/","url":"https:\/\/intrafrut.com.br\/polpa-de-goiaba\/","name":"Polpa de Goiaba | O Melhor dos Tr\u00f3picos","isPartOf":{"@id":"https:\/\/intrafrut.com.br\/#website"},"primaryImageOfPage":{"@id":"https:\/\/intrafrut.com.br\/polpa-de-goiaba\/#primaryimage"},"image":{"@id":"https:\/\/intrafrut.com.br\/polpa-de-goiaba\/#primaryimage"},"thumbnailUrl":"https:\/\/intrafrut.com.br\/wp-content\/uploads\/2020\/10\/polpadegoiaba.jpg","datePublished":"2020-10-14T20:02:16+00:00","dateModified":"2020-10-14T20:06:35+00:00","breadcrumb":{"@id":"https:\/\/intrafrut.com.br\/polpa-de-goiaba\/#breadcrumb"},"inLanguage":"en-US","potentialAction":[{"@type":"ReadAction","target":["https:\/\/intrafrut.com.br\/polpa-de-goiaba\/"]}]},{"@type":"ImageObject","inLanguage":"en-US","@id":"https:\/\/intrafrut.com.br\/polpa-de-goiaba\/#primaryimage","url":"https:\/\/intrafrut.com.br\/wp-content\/uploads\/2020\/10\/polpadegoiaba.jpg","contentUrl":"https:\/\/intrafrut.com.br\/wp-content\/uploads\/2020\/10\/polpadegoiaba.jpg"},{"@type":"BreadcrumbList","@id":"https:\/\/intrafrut.com.br\/polpa-de-goiaba\/#breadcrumb","itemListElement":[{"@type":"ListItem","position":1,"name":"In\u00edcio","item":"https:\/\/intrafrut.com.br\/"},{"@type":"ListItem","position":2,"name":"Polpa de Goiaba"}]},{"@type":"WebSite","@id":"https:\/\/intrafrut.com.br\/#website","url":"https:\/\/intrafrut.com.br\/","name":"Tropfruit Nordeste","description":"","publisher":{"@id":"https:\/\/intrafrut.com.br\/#organization"},"potentialAction":[{"@type":"SearchAction","target":{"@type":"EntryPoint","urlTemplate":"https:\/\/intrafrut.com.br\/?s={search_term_string}"},"query-input":{"@type":"PropertyValueSpecification","valueRequired":true,"valueName":"search_term_string"}}],"inLanguage":"en-US"},{"@type":"Organization","@id":"https:\/\/intrafrut.com.br\/#organization","name":"Tropfruit Nordeste","url":"https:\/\/intrafrut.com.br\/","logo":{"@type":"ImageObject","inLanguage":"en-US","@id":"https:\/\/intrafrut.com.br\/#\/schema\/logo\/image\/","url":"","contentUrl":"","caption":"Tropfruit Nordeste"},"image":{"@id":"https:\/\/intrafrut.com.br\/#\/schema\/logo\/image\/"},"sameAs":["https:\/\/www.linkedin.com\/company\/tropfruit-nordeste-s-a\/"]}]}},"_links":{"self":[{"href":"https:\/\/intrafrut.com.br\/en\/wp-json\/wp\/v2\/pages\/3115","targetHints":{"allow":["GET"]}}],"collection":[{"href":"https:\/\/intrafrut.com.br\/en\/wp-json\/wp\/v2\/pages"}],"about":[{"href":"https:\/\/intrafrut.com.br\/en\/wp-json\/wp\/v2\/types\/page"}],"author":[{"embeddable":true,"href":"https:\/\/intrafrut.com.br\/en\/wp-json\/wp\/v2\/users\/1"}],"replies":[{"embeddable":true,"href":"https:\/\/intrafrut.com.br\/en\/wp-json\/wp\/v2\/comments?post=3115"}],"version-history":[{"count":2,"href":"https:\/\/intrafrut.com.br\/en\/wp-json\/wp\/v2\/pages\/3115\/revisions"}],"predecessor-version":[{"id":3120,"href":"https:\/\/intrafrut.com.br\/en\/wp-json\/wp\/v2\/pages\/3115\/revisions\/3120"}],"wp:attachment":[{"href":"https:\/\/intrafrut.com.br\/en\/wp-json\/wp\/v2\/media?parent=3115"}],"curies":[{"name":"wp","href":"https:\/\/api.w.org\/{rel}","templated":true}]}}