{"id":3047,"date":"2020-10-07T11:24:02","date_gmt":"2020-10-07T14:24:02","guid":{"rendered":"https:\/\/intrafrut.com.br\/?page_id=3047"},"modified":"2020-10-22T08:42:21","modified_gmt":"2020-10-22T11:42:21","slug":"polpa-de-maracuja","status":"publish","type":"page","link":"https:\/\/intrafrut.com.br\/en\/polpa-de-maracuja\/","title":{"rendered":"Passion fruit pulp"},"content":{"rendered":"<div data-colibri-id=\"3047-c1\" class=\"style-1246 style-local-3047-c1 position-relative\">\n  <!---->\n  <div data-colibri-component=\"section\" data-colibri-id=\"3047-c2\" id=\"about-2\" class=\"h-section h-section-global-spacing d-flex align-items-lg-center align-items-md-center align-items-center style-1256 style-local-3047-c2 position-relative\">\n    <!---->\n    <!---->\n    <div class=\"h-section-grid-container h-section-boxed-container\">\n      <!---->\n      <div data-colibri-id=\"3047-c3\" class=\"h-row-container gutters-row-lg-2 gutters-row-md-2 gutters-row-2 gutters-row-v-lg-2 gutters-row-v-md-2 gutters-row-v-2 style-1257 style-local-3047-c3 position-relative\">\n        <!---->\n        <div class=\"h-row justify-content-lg-center justify-content-md-center justify-content-center align-items-lg-stretch align-items-md-stretch align-items-stretch gutters-col-lg-2 gutters-col-md-2 gutters-col-2 gutters-col-v-lg-2 gutters-col-v-md-2 gutters-col-v-2\">\n          <!---->\n          <div class=\"h-column h-column-container d-flex h-col-lg-auto h-col-md-auto h-col-auto style-1258-outer style-local-3047-c4-outer\">\n            <div data-colibri-id=\"3047-c4\" class=\"d-flex h-flex-basis h-column__inner h-px-lg-2 h-px-md-2 h-px-2 v-inner-lg-2 v-inner-md-2 v-inner-2 style-1258 style-local-3047-c4 position-relative\">\n              <!---->\n              <!---->\n              <div class=\"w-100 h-y-container h-column__content h-column__v-align flex-basis-100 align-self-lg-center align-self-md-center align-self-center\">\n                <!---->\n                <div data-colibri-id=\"3047-c5\" class=\"h-text h-text-component style-1261 style-local-3047-c5 position-relative h-element\">\n                  <!---->\n                  <!---->\n                  <div class=\"\">\n                    <p><strong style=\"font-family: &quot;Open Sans&quot;; font-size: 16px; color: rgb(70, 112, 128);\">1. ORGANOLEPTIC CHARACTERISTICS<\/strong><\/p>\n                    <p><span style=\"font-weight: 400; font-size: 16px; font-family: &quot;Open Sans&quot;; color: rgb(70, 112, 128);\">Appearance:&nbsp;<\/span>Viscous Liquid\n                      <br>Color: Yellow\n                      <br>Flavor: Own\n                      <br>Aroma: Own<\/p>\n                    <p><strong style=\"font-family: &quot;Open Sans&quot;;\">2. PHYSICAL AND CHEMICAL CHARACTERISTICS<\/strong><\/p>\n                    <p><span style=\"font-family: &quot;Open Sans&quot;;\">Brix (Corrected): 12,50 \u00b1 0,50<br>Acidity Citric Acid% w \/ w ): 2,38 a 4,56<br>Ratio (Brix \/ Acidity): 2,85 a 5,05<br>Pulp (% v \/ v to 13,5\u00b0 Brix): 25,00 to 60,00<br>pH: 2,40 to 3,50<br>Flavor: 36 to 38<br>Defect: 19 to 20<br>Vit C (mg\/100 ml a 13,5 \u00baBrix): 20 a 35<\/span>\n                      <br>Formol Number ( meq\/l ): 28,00 a 40,00<\/p>\n                    <p><strong style=\"font-family: &quot;Open Sans&quot;;\">3. MICROBIOLOGY<\/strong><\/p>\n                    <p><span style=\"font-family: &quot;Open Sans&quot;;\">Total Count (cfu \/ g) max: 1000<br>Count Moulds \/ Yeast Count (cfu \/ g) max: 100<br>Coliforms: Absent<\/span><\/p>\n                    <p><strong style=\"font-family: &quot;Open Sans&quot;;\">4. STORAGE AND SHELF LIFE<\/strong><\/p>\n                    <p><span style=\"font-family: &quot;Open Sans&quot;; font-weight: 400; font-size: 16px; color: rgb(70, 112, 128);\">Storage: -12\u00b0C to -18\u00b0C<\/span>\n                      <br>Shelf Life: 24 months<\/p>\n                    <p>\n                      <br>\n                    <\/p>\n                  <\/div>\n                <\/div>\n                <div data-colibri-id=\"3047-c6\" class=\"h-x-container style-1262 style-local-3047-c6 position-relative h-element\">\n                  <!---->\n                  <div class=\"h-x-container-inner style-dynamic-3047-c6-group style-1262-spacing style-local-3047-c6-spacing\"><span class=\"h-button__outer style-1263-outer style-local-3047-c7-outer d-inline-flex h-element\"><a h-use-smooth-scroll=\"true\" href=\"https:\/\/intrafrut.com.br\/en\/produtos\/\"  data-colibri-id=\"3047-c7\" class=\"d-flex w-100 align-items-center h-button justify-content-lg-center justify-content-md-center justify-content-center style-1263 style-local-3047-c7 position-relative\"><!----><!----> <span>products<\/span><\/a>\n                    <\/span>\n                  <\/div>\n                <\/div>\n              <\/div>\n            <\/div>\n          <\/div>\n          <div class=\"h-column h-column-container d-flex h-col-lg-auto h-col-md-auto h-col-auto style-1264-outer style-local-3047-c8-outer\">\n            <div data-colibri-id=\"3047-c8\" class=\"d-flex h-flex-basis h-column__inner h-px-lg-2 h-px-md-2 h-px-2 v-inner-lg-2 v-inner-md-2 v-inner-2 style-1264 style-local-3047-c8 position-relative\">\n              <!---->\n              <!---->\n              <div class=\"w-100 h-y-container h-column__content h-column__v-align flex-basis-100 align-self-lg-start align-self-md-start align-self-start\">\n                <!---->\n                <div data-colibri-id=\"3047-c9\" class=\"d-block style-1265 style-local-3047-c9 position-relative h-element\">\n                  <!---->\n                  <div class=\"h-image__frame-container-outer\">\n                    <div class=\"h-image__frame-container\">\n                      <!---->\n                      <!---->\n                      <img loading=\"lazy\" decoding=\"async\" width=\"837\" height=\"836\" src=\"https:\/\/intrafrut.com.br\/wp-content\/uploads\/2020\/10\/cropped-polpademaracuja.jpg\" class=\"wp-image-3057 style-1265-image style-local-3047-c9-image\" alt=\"\" srcset=\"https:\/\/intrafrut.com.br\/wp-content\/uploads\/2020\/10\/cropped-polpademaracuja.jpg 837w, https:\/\/intrafrut.com.br\/wp-content\/uploads\/2020\/10\/cropped-polpademaracuja-300x300.jpg 300w, https:\/\/intrafrut.com.br\/wp-content\/uploads\/2020\/10\/cropped-polpademaracuja-150x150.jpg 150w, https:\/\/intrafrut.com.br\/wp-content\/uploads\/2020\/10\/cropped-polpademaracuja-768x767.jpg 768w\" sizes=\"auto, (max-width: 837px) 100vw, 837px\" \/>\n                      <div class=\"h-image__frame h-hide-sm style-1265-frameImage style-local-3047-c9-frameImage\"><\/div>\n                    <\/div>\n                  <\/div>\n                <\/div>\n              <\/div>\n            <\/div>\n          <\/div>\n        <\/div>\n      <\/div>\n    <\/div>\n  <\/div>\n<\/div>","protected":false},"excerpt":{"rendered":"<p>1. CARACTER\u00cdSTICAS ORGANOL\u00c9PTICAS Aspecto:&nbsp;L\u00edquido e Viscoso Cor: Amarelo Sabor: Pr\u00f3prio Aroma: Pr\u00f3prio 2. CARACTER\u00cdSTICAS F\u00cdSICO-QU\u00cdMICAS Brix (Corrigido): 12,50 \u00b1 0,50Acidez (% \u00c1cido C\u00edtrico p\/p): 2,38 a 4,56Ratio (Brix\/Acidez): 2,85 a 5,05Polpa (% v\/v a13,5\u00b0 Brix): 25,00 a 60,00pH: 2,40 a 3,50Sabor: 36 a 38Defeito: 19 a 20Vit C (mg\/100 ml a 13,5 \u00baBrix): 20 a [&hellip;]<\/p>\n","protected":false},"author":1,"featured_media":0,"parent":0,"menu_order":0,"comment_status":"closed","ping_status":"closed","template":"page-templates\/full-width-page.php","meta":{"footnotes":""},"class_list":["post-3047","page","type-page","status-publish","hentry"],"yoast_head":"<!-- This site is optimized with the Yoast SEO plugin v27.3 - https:\/\/yoast.com\/product\/yoast-seo-wordpress\/ -->\n<title>Polpa de Maracuj\u00e1 | O Melhor dos Tr\u00f3picos<\/title>\n<meta name=\"robots\" content=\"index, follow, max-snippet:-1, max-image-preview:large, max-video-preview:-1\" \/>\n<link rel=\"canonical\" href=\"https:\/\/intrafrut.com.br\/en\/polpa-de-maracuja\/\" \/>\n<meta property=\"og:locale\" content=\"en_US\" \/>\n<meta property=\"og:type\" content=\"article\" \/>\n<meta property=\"og:title\" content=\"Polpa de Maracuj\u00e1 | O Melhor dos Tr\u00f3picos\" \/>\n<meta property=\"og:description\" content=\"1. CARACTER\u00cdSTICAS ORGANOL\u00c9PTICAS Aspecto:&nbsp;L\u00edquido e Viscoso Cor: Amarelo Sabor: Pr\u00f3prio Aroma: Pr\u00f3prio 2. CARACTER\u00cdSTICAS F\u00cdSICO-QU\u00cdMICAS Brix (Corrigido): 12,50 \u00b1 0,50Acidez (% \u00c1cido C\u00edtrico p\/p): 2,38 a 4,56Ratio (Brix\/Acidez): 2,85 a 5,05Polpa (% v\/v a13,5\u00b0 Brix): 25,00 a 60,00pH: 2,40 a 3,50Sabor: 36 a 38Defeito: 19 a 20Vit C (mg\/100 ml a 13,5 \u00baBrix): 20 a [&hellip;]\" \/>\n<meta property=\"og:url\" content=\"https:\/\/intrafrut.com.br\/en\/polpa-de-maracuja\/\" \/>\n<meta property=\"og:site_name\" content=\"O Melhor dos Tr\u00f3picos\" \/>\n<meta property=\"article:modified_time\" content=\"2020-10-22T11:42:21+00:00\" \/>\n<meta property=\"og:image\" content=\"https:\/\/intrafrut.com.br\/wp-content\/uploads\/2020\/10\/cropped-polpademaracuja.jpg\" \/>\n<meta name=\"twitter:card\" content=\"summary_large_image\" \/>\n<script type=\"application\/ld+json\" class=\"yoast-schema-graph\">{\"@context\":\"https:\\\/\\\/schema.org\",\"@graph\":[{\"@type\":\"WebPage\",\"@id\":\"https:\\\/\\\/intrafrut.com.br\\\/polpa-de-maracuja\\\/\",\"url\":\"https:\\\/\\\/intrafrut.com.br\\\/polpa-de-maracuja\\\/\",\"name\":\"Polpa de Maracuj\u00e1 | O Melhor dos Tr\u00f3picos\",\"isPartOf\":{\"@id\":\"https:\\\/\\\/intrafrut.com.br\\\/#website\"},\"primaryImageOfPage\":{\"@id\":\"https:\\\/\\\/intrafrut.com.br\\\/polpa-de-maracuja\\\/#primaryimage\"},\"image\":{\"@id\":\"https:\\\/\\\/intrafrut.com.br\\\/polpa-de-maracuja\\\/#primaryimage\"},\"thumbnailUrl\":\"https:\\\/\\\/intrafrut.com.br\\\/wp-content\\\/uploads\\\/2020\\\/10\\\/cropped-polpademaracuja.jpg\",\"datePublished\":\"2020-10-07T14:24:02+00:00\",\"dateModified\":\"2020-10-22T11:42:21+00:00\",\"breadcrumb\":{\"@id\":\"https:\\\/\\\/intrafrut.com.br\\\/polpa-de-maracuja\\\/#breadcrumb\"},\"inLanguage\":\"en-US\",\"potentialAction\":[{\"@type\":\"ReadAction\",\"target\":[\"https:\\\/\\\/intrafrut.com.br\\\/polpa-de-maracuja\\\/\"]}]},{\"@type\":\"ImageObject\",\"inLanguage\":\"en-US\",\"@id\":\"https:\\\/\\\/intrafrut.com.br\\\/polpa-de-maracuja\\\/#primaryimage\",\"url\":\"https:\\\/\\\/intrafrut.com.br\\\/wp-content\\\/uploads\\\/2020\\\/10\\\/cropped-polpademaracuja.jpg\",\"contentUrl\":\"https:\\\/\\\/intrafrut.com.br\\\/wp-content\\\/uploads\\\/2020\\\/10\\\/cropped-polpademaracuja.jpg\"},{\"@type\":\"BreadcrumbList\",\"@id\":\"https:\\\/\\\/intrafrut.com.br\\\/polpa-de-maracuja\\\/#breadcrumb\",\"itemListElement\":[{\"@type\":\"ListItem\",\"position\":1,\"name\":\"In\u00edcio\",\"item\":\"https:\\\/\\\/intrafrut.com.br\\\/\"},{\"@type\":\"ListItem\",\"position\":2,\"name\":\"Polpa de Maracuj\u00e1\"}]},{\"@type\":\"WebSite\",\"@id\":\"https:\\\/\\\/intrafrut.com.br\\\/#website\",\"url\":\"https:\\\/\\\/intrafrut.com.br\\\/\",\"name\":\"Tropfruit Nordeste\",\"description\":\"\",\"publisher\":{\"@id\":\"https:\\\/\\\/intrafrut.com.br\\\/#organization\"},\"potentialAction\":[{\"@type\":\"SearchAction\",\"target\":{\"@type\":\"EntryPoint\",\"urlTemplate\":\"https:\\\/\\\/intrafrut.com.br\\\/?s={search_term_string}\"},\"query-input\":{\"@type\":\"PropertyValueSpecification\",\"valueRequired\":true,\"valueName\":\"search_term_string\"}}],\"inLanguage\":\"en-US\"},{\"@type\":\"Organization\",\"@id\":\"https:\\\/\\\/intrafrut.com.br\\\/#organization\",\"name\":\"Tropfruit Nordeste\",\"url\":\"https:\\\/\\\/intrafrut.com.br\\\/\",\"logo\":{\"@type\":\"ImageObject\",\"inLanguage\":\"en-US\",\"@id\":\"https:\\\/\\\/intrafrut.com.br\\\/#\\\/schema\\\/logo\\\/image\\\/\",\"url\":\"\",\"contentUrl\":\"\",\"caption\":\"Tropfruit Nordeste\"},\"image\":{\"@id\":\"https:\\\/\\\/intrafrut.com.br\\\/#\\\/schema\\\/logo\\\/image\\\/\"},\"sameAs\":[\"https:\\\/\\\/www.linkedin.com\\\/company\\\/tropfruit-nordeste-s-a\\\/\"]}]}<\/script>\n<!-- \/ Yoast SEO plugin. -->","yoast_head_json":{"title":"Polpa de Maracuj\u00e1 | O Melhor dos Tr\u00f3picos","robots":{"index":"index","follow":"follow","max-snippet":"max-snippet:-1","max-image-preview":"max-image-preview:large","max-video-preview":"max-video-preview:-1"},"canonical":"https:\/\/intrafrut.com.br\/en\/polpa-de-maracuja\/","og_locale":"en_US","og_type":"article","og_title":"Polpa de Maracuj\u00e1 | O Melhor dos Tr\u00f3picos","og_description":"1. CARACTER\u00cdSTICAS ORGANOL\u00c9PTICAS Aspecto:&nbsp;L\u00edquido e Viscoso Cor: Amarelo Sabor: Pr\u00f3prio Aroma: Pr\u00f3prio 2. CARACTER\u00cdSTICAS F\u00cdSICO-QU\u00cdMICAS Brix (Corrigido): 12,50 \u00b1 0,50Acidez (% \u00c1cido C\u00edtrico p\/p): 2,38 a 4,56Ratio (Brix\/Acidez): 2,85 a 5,05Polpa (% v\/v a13,5\u00b0 Brix): 25,00 a 60,00pH: 2,40 a 3,50Sabor: 36 a 38Defeito: 19 a 20Vit C (mg\/100 ml a 13,5 \u00baBrix): 20 a [&hellip;]","og_url":"https:\/\/intrafrut.com.br\/en\/polpa-de-maracuja\/","og_site_name":"O Melhor dos Tr\u00f3picos","article_modified_time":"2020-10-22T11:42:21+00:00","og_image":[{"url":"https:\/\/intrafrut.com.br\/wp-content\/uploads\/2020\/10\/cropped-polpademaracuja.jpg","type":"","width":"","height":""}],"twitter_card":"summary_large_image","schema":{"@context":"https:\/\/schema.org","@graph":[{"@type":"WebPage","@id":"https:\/\/intrafrut.com.br\/polpa-de-maracuja\/","url":"https:\/\/intrafrut.com.br\/polpa-de-maracuja\/","name":"Polpa de Maracuj\u00e1 | O Melhor dos Tr\u00f3picos","isPartOf":{"@id":"https:\/\/intrafrut.com.br\/#website"},"primaryImageOfPage":{"@id":"https:\/\/intrafrut.com.br\/polpa-de-maracuja\/#primaryimage"},"image":{"@id":"https:\/\/intrafrut.com.br\/polpa-de-maracuja\/#primaryimage"},"thumbnailUrl":"https:\/\/intrafrut.com.br\/wp-content\/uploads\/2020\/10\/cropped-polpademaracuja.jpg","datePublished":"2020-10-07T14:24:02+00:00","dateModified":"2020-10-22T11:42:21+00:00","breadcrumb":{"@id":"https:\/\/intrafrut.com.br\/polpa-de-maracuja\/#breadcrumb"},"inLanguage":"en-US","potentialAction":[{"@type":"ReadAction","target":["https:\/\/intrafrut.com.br\/polpa-de-maracuja\/"]}]},{"@type":"ImageObject","inLanguage":"en-US","@id":"https:\/\/intrafrut.com.br\/polpa-de-maracuja\/#primaryimage","url":"https:\/\/intrafrut.com.br\/wp-content\/uploads\/2020\/10\/cropped-polpademaracuja.jpg","contentUrl":"https:\/\/intrafrut.com.br\/wp-content\/uploads\/2020\/10\/cropped-polpademaracuja.jpg"},{"@type":"BreadcrumbList","@id":"https:\/\/intrafrut.com.br\/polpa-de-maracuja\/#breadcrumb","itemListElement":[{"@type":"ListItem","position":1,"name":"In\u00edcio","item":"https:\/\/intrafrut.com.br\/"},{"@type":"ListItem","position":2,"name":"Polpa de Maracuj\u00e1"}]},{"@type":"WebSite","@id":"https:\/\/intrafrut.com.br\/#website","url":"https:\/\/intrafrut.com.br\/","name":"Tropfruit Nordeste","description":"","publisher":{"@id":"https:\/\/intrafrut.com.br\/#organization"},"potentialAction":[{"@type":"SearchAction","target":{"@type":"EntryPoint","urlTemplate":"https:\/\/intrafrut.com.br\/?s={search_term_string}"},"query-input":{"@type":"PropertyValueSpecification","valueRequired":true,"valueName":"search_term_string"}}],"inLanguage":"en-US"},{"@type":"Organization","@id":"https:\/\/intrafrut.com.br\/#organization","name":"Tropfruit Nordeste","url":"https:\/\/intrafrut.com.br\/","logo":{"@type":"ImageObject","inLanguage":"en-US","@id":"https:\/\/intrafrut.com.br\/#\/schema\/logo\/image\/","url":"","contentUrl":"","caption":"Tropfruit Nordeste"},"image":{"@id":"https:\/\/intrafrut.com.br\/#\/schema\/logo\/image\/"},"sameAs":["https:\/\/www.linkedin.com\/company\/tropfruit-nordeste-s-a\/"]}]}},"_links":{"self":[{"href":"https:\/\/intrafrut.com.br\/en\/wp-json\/wp\/v2\/pages\/3047","targetHints":{"allow":["GET"]}}],"collection":[{"href":"https:\/\/intrafrut.com.br\/en\/wp-json\/wp\/v2\/pages"}],"about":[{"href":"https:\/\/intrafrut.com.br\/en\/wp-json\/wp\/v2\/types\/page"}],"author":[{"embeddable":true,"href":"https:\/\/intrafrut.com.br\/en\/wp-json\/wp\/v2\/users\/1"}],"replies":[{"embeddable":true,"href":"https:\/\/intrafrut.com.br\/en\/wp-json\/wp\/v2\/comments?post=3047"}],"version-history":[{"count":4,"href":"https:\/\/intrafrut.com.br\/en\/wp-json\/wp\/v2\/pages\/3047\/revisions"}],"predecessor-version":[{"id":3331,"href":"https:\/\/intrafrut.com.br\/en\/wp-json\/wp\/v2\/pages\/3047\/revisions\/3331"}],"wp:attachment":[{"href":"https:\/\/intrafrut.com.br\/en\/wp-json\/wp\/v2\/media?parent=3047"}],"curies":[{"name":"wp","href":"https:\/\/api.w.org\/{rel}","templated":true}]}}