{"id":3,"date":"2020-01-28T15:20:51","date_gmt":"2020-01-28T18:20:51","guid":{"rendered":"https:\/\/novo.tropfruit.com.br\/tropfruit\/?page_id=3"},"modified":"2020-09-16T07:16:26","modified_gmt":"2020-09-16T10:16:26","slug":"empresa","status":"publish","type":"page","link":"https:\/\/intrafrut.com.br\/en\/empresa\/","title":{"rendered":"COMPANY"},"content":{"rendered":"<div class=\"style-544 style-local-3-c1 position-relative\" data-colibri-id=\"3-c1\">\n<div id=\"about-2\" class=\"h-section h-section-global-spacing d-flex align-items-lg-center align-items-md-center align-items-center style-1089 style-local-3-c2 position-relative\" data-colibri-component=\"section\" data-colibri-id=\"3-c2\">\n<div class=\"h-section-grid-container h-section-boxed-container\">\n<div class=\"h-row-container gutters-row-lg-2 gutters-row-md-2 gutters-row-2 gutters-row-v-lg-2 gutters-row-v-md-2 gutters-row-v-2 style-1090 style-local-3-c3 position-relative\" data-colibri-id=\"3-c3\">\n<div class=\"h-row justify-content-lg-center justify-content-md-center justify-content-center align-items-lg-stretch align-items-md-stretch align-items-stretch gutters-col-lg-2 gutters-col-md-2 gutters-col-2 gutters-col-v-lg-2 gutters-col-v-md-2 gutters-col-v-2\">\n<div class=\"h-column h-column-container d-flex h-col-lg-auto h-col-md-auto h-col-auto style-1091-outer style-local-3-c4-outer\">\n<div class=\"d-flex h-flex-basis h-column__inner h-px-lg-2 h-px-md-2 h-px-2 v-inner-lg-2 v-inner-md-2 v-inner-2 style-1091 style-local-3-c4 position-relative\" data-colibri-id=\"3-c4\">\n<div class=\"w-100 h-y-container h-column__content h-column__v-align flex-basis-100 align-self-lg-center align-self-md-center align-self-center\">\n<div class=\"h-lead h-text h-text-component style-1094 style-local-3-c5 position-relative h-element\" data-colibri-id=\"3-c5\">\n<div class=\"\">\n<p style=\"text-align: justify;\"><strong style=\"font-family: Calibri; color: #666666;\">INTRAFRUT \u2013 IND\u00daSTRIA TRANSFORMADORA DE FRUTAS S.A<\/strong><span style=\"font-family: Calibri; color: #666666;\">\u00a0- is a company whose main activity is the industrialization of fruits and the production of concentrated and whole frozen juices, in addition to fruit pulps. Founded on 01\/20\/1976, restarting its activities on 05\/30\/2003.<\/span><\/p>\n<p style=\"text-align: justify;\"><span style=\"font-family: Calibri; color: #666666;\">Located in the second largest pineapple producing region in Brazil, on the margins of BR 101, in the Industrial District of Jo\u00e3o Pessoa \/ PB. Most of its production is destined for export, through the ports of Suape \/ PE and Salvador \/ BA, in addition to serving more than 300 clients in the national market. Installed on land measuring 74,890 m\u00b2, built area of \u200b\u200b9,450 m\u00b2, and currently composed of more than 150 employees.<\/span><\/p>\n<p style=\"text-align: justify;\"><strong style=\"font-family: Calibri; color: #666666;\">INTRAFRUT<\/strong><span style=\"font-family: Calibri; color: #666666;\">, acquires fruits for processing through accredited suppliers in the Para\u00edba region, complementing its industrial need with tropical fruits from the states of BA, PE, CE, RN, PI.<\/span><\/p>\n<p style=\"text-align: justify;\"><span style=\"font-family: Calibri; color: #666666;\">The installed capacity of the unit includes the processing of 60,000 tons \/ year of pineapple, 20,000 tons of cashew, 20,000 tons of mango and 15,000 tons of other tropical fruits.<\/span><\/p>\n<p style=\"text-align: justify;\"><span style=\"font-family: Calibri; color: #666666;\">The fruits are received in bulk trucks or in boxes, being properly analyzed and selected within the most rigorous process of determining the degree of ripeness and yields to obtain products of excellent quality. Its production process guarantees the natural and organoleptic characteristics of each fruit and their respective juices.<\/span><\/p>\n<p style=\"text-align: justify;\"><span style=\"font-family: Calibri; color: #666666;\">The juices obtained are carefully supervised by their technicians who use equipment and methods with national and international recognition, aiming at quality assurance with food safety, obeying the standards ABNT NBR \/ ISO 22000: 2006, and AIJN for the production of fruit juices.<\/span><\/p>\n<p style=\"text-align: justify;\"><span style=\"font-family: Calibri; color: #666666;\">Products\u00a0<\/span><strong style=\"font-family: Calibri; color: #666666;\">INTRAFRUT<\/strong><span style=\"font-family: Calibri; color: #666666;\"> are certified by the institutions\u00a0<\/span><strong style=\"font-family: Calibri; color: #666666;\">FSSC 22000<\/strong><span style=\"font-family: Calibri; color: #666666;\">,\u00a0<\/span><strong style=\"font-family: Calibri; color: #666666;\">SGF<\/strong><span style=\"font-family: Calibri; color: #666666;\">, <\/span><strong style=\"font-family: Calibri; color: #666666;\">KOSHER\u00a0<\/strong><span style=\"font-family: Calibri; color: #666666;\">and\u00a0<\/span><strong style=\"font-family: Calibri; color: #666666;\">FDA<\/strong><span style=\"font-family: Calibri; color: #666666;\">. Food safety management systems, requirements for any organization in the food production chain.<\/span><\/p>\n<p style=\"text-align: justify;\"><\/p>\n\n\n<\/div>\n<\/div>\n<\/div>\n<\/div>\n<\/div>\n<div class=\"h-column h-column-container d-flex h-col-lg-auto h-col-md-auto h-col-auto style-1097-outer style-local-3-c6-outer\">\n<div class=\"d-flex h-flex-basis h-column__inner h-px-lg-2 h-px-md-2 h-px-2 v-inner-lg-2 v-inner-md-2 v-inner-2 style-1097 style-local-3-c6 position-relative\" data-colibri-id=\"3-c6\">\n<div class=\"w-100 h-y-container h-column__content h-column__v-align flex-basis-100 align-self-lg-start align-self-md-start align-self-start\">\n<div class=\"d-block style-1098 style-local-3-c7 position-relative h-element\" data-colibri-id=\"3-c7\">\n<div class=\"h-image__frame-container-outer\">\n<div class=\"h-image__frame-container\">\n\n<img loading=\"lazy\" decoding=\"async\" width=\"1920\" height=\"2560\" class=\"wp-image-2729 style-1098-image style-local-3-c7-image\" src=\"https:\/\/intrafrut.com.br\/wp-content\/uploads\/2020\/08\/DSCN1381-scaled.jpg\" alt=\"\" srcset=\"https:\/\/intrafrut.com.br\/wp-content\/uploads\/2020\/08\/DSCN1381-scaled.jpg 1920w, https:\/\/intrafrut.com.br\/wp-content\/uploads\/2020\/08\/DSCN1381-225x300.jpg 225w, https:\/\/intrafrut.com.br\/wp-content\/uploads\/2020\/08\/DSCN1381-768x1024.jpg 768w, https:\/\/intrafrut.com.br\/wp-content\/uploads\/2020\/08\/DSCN1381-1152x1536.jpg 1152w, https:\/\/intrafrut.com.br\/wp-content\/uploads\/2020\/08\/DSCN1381-1536x2048.jpg 1536w\" sizes=\"auto, (max-width: 1920px) 100vw, 1920px\" \/>\n<div class=\"h-image__frame h-hide-lg h-hide-md h-hide-sm style-1098-frameImage style-local-3-c7-frameImage\"><\/div>\n<\/div>\n<\/div>\n<\/div>\n<\/div>\n<\/div>\n<\/div>\n<\/div>\n<\/div>\n<\/div>\n<\/div>\n<\/div>","protected":false},"excerpt":{"rendered":"<p>INTRAFRUT \u2013 IND\u00daSTRIA TRANSFORMADORA DE FRUTAS S.A\u00a0\u2013 \u00e9 uma empresa cuja principal atividade \u00e9 a industrializa\u00e7\u00e3o de frutas e produ\u00e7\u00e3o de sucos concentrados e integrais congelado, al\u00e9m de polpas de frutas.\u00a0Fundada em 20\/01\/1976, reiniciando suas atividades em 30\/05\/2003. Localizada na segunda maior regi\u00e3o produtora de abacaxi do Brasil, \u00e0s margens da BR 101, no Distrito [&hellip;]<\/p>\n","protected":false},"author":1,"featured_media":0,"parent":0,"menu_order":0,"comment_status":"closed","ping_status":"open","template":"page-templates\/homepage.php","meta":{"footnotes":""},"class_list":["post-3","page","type-page","status-publish","hentry"],"yoast_head":"<!-- This site is optimized with the Yoast SEO plugin v27.3 - https:\/\/yoast.com\/product\/yoast-seo-wordpress\/ -->\n<title>Empresa | O Melhor dos Tr\u00f3picos<\/title>\n<meta name=\"robots\" content=\"index, follow, max-snippet:-1, max-image-preview:large, max-video-preview:-1\" \/>\n<link rel=\"canonical\" href=\"https:\/\/intrafrut.com.br\/en\/empresa\/\" \/>\n<meta property=\"og:locale\" content=\"en_US\" \/>\n<meta property=\"og:type\" content=\"article\" \/>\n<meta property=\"og:title\" content=\"Empresa | O Melhor dos Tr\u00f3picos\" \/>\n<meta property=\"og:description\" content=\"INTRAFRUT \u2013 IND\u00daSTRIA TRANSFORMADORA DE FRUTAS S.A\u00a0\u2013 \u00e9 uma empresa cuja principal atividade \u00e9 a industrializa\u00e7\u00e3o de frutas e produ\u00e7\u00e3o de sucos concentrados e integrais congelado, al\u00e9m de polpas de frutas.\u00a0Fundada em 20\/01\/1976, reiniciando suas atividades em 30\/05\/2003. Localizada na segunda maior regi\u00e3o produtora de abacaxi do Brasil, \u00e0s margens da BR 101, no Distrito [&hellip;]\" \/>\n<meta property=\"og:url\" content=\"https:\/\/intrafrut.com.br\/en\/empresa\/\" \/>\n<meta property=\"og:site_name\" content=\"O Melhor dos Tr\u00f3picos\" \/>\n<meta property=\"article:modified_time\" content=\"2020-09-16T10:16:26+00:00\" \/>\n<meta property=\"og:image\" content=\"https:\/\/intrafrut.com.br\/wp-content\/uploads\/2020\/08\/DSCN1381-scaled.jpg\" \/>\n<meta name=\"twitter:card\" content=\"summary_large_image\" \/>\n<meta name=\"twitter:label1\" content=\"Est. reading time\" \/>\n\t<meta name=\"twitter:data1\" content=\"2 minutes\" \/>\n<script type=\"application\/ld+json\" class=\"yoast-schema-graph\">{\"@context\":\"https:\\\/\\\/schema.org\",\"@graph\":[{\"@type\":\"WebPage\",\"@id\":\"https:\\\/\\\/intrafrut.com.br\\\/empresa\\\/\",\"url\":\"https:\\\/\\\/intrafrut.com.br\\\/empresa\\\/\",\"name\":\"Empresa | O Melhor dos Tr\u00f3picos\",\"isPartOf\":{\"@id\":\"https:\\\/\\\/intrafrut.com.br\\\/#website\"},\"primaryImageOfPage\":{\"@id\":\"https:\\\/\\\/intrafrut.com.br\\\/empresa\\\/#primaryimage\"},\"image\":{\"@id\":\"https:\\\/\\\/intrafrut.com.br\\\/empresa\\\/#primaryimage\"},\"thumbnailUrl\":\"https:\\\/\\\/intrafrut.com.br\\\/wp-content\\\/uploads\\\/2020\\\/08\\\/DSCN1381-scaled.jpg\",\"datePublished\":\"2020-01-28T18:20:51+00:00\",\"dateModified\":\"2020-09-16T10:16:26+00:00\",\"breadcrumb\":{\"@id\":\"https:\\\/\\\/intrafrut.com.br\\\/empresa\\\/#breadcrumb\"},\"inLanguage\":\"en-US\",\"potentialAction\":[{\"@type\":\"ReadAction\",\"target\":[\"https:\\\/\\\/intrafrut.com.br\\\/empresa\\\/\"]}]},{\"@type\":\"ImageObject\",\"inLanguage\":\"en-US\",\"@id\":\"https:\\\/\\\/intrafrut.com.br\\\/empresa\\\/#primaryimage\",\"url\":\"https:\\\/\\\/intrafrut.com.br\\\/wp-content\\\/uploads\\\/2020\\\/08\\\/DSCN1381-scaled.jpg\",\"contentUrl\":\"https:\\\/\\\/intrafrut.com.br\\\/wp-content\\\/uploads\\\/2020\\\/08\\\/DSCN1381-scaled.jpg\"},{\"@type\":\"BreadcrumbList\",\"@id\":\"https:\\\/\\\/intrafrut.com.br\\\/empresa\\\/#breadcrumb\",\"itemListElement\":[{\"@type\":\"ListItem\",\"position\":1,\"name\":\"In\u00edcio\",\"item\":\"https:\\\/\\\/intrafrut.com.br\\\/\"},{\"@type\":\"ListItem\",\"position\":2,\"name\":\"Empresa\"}]},{\"@type\":\"WebSite\",\"@id\":\"https:\\\/\\\/intrafrut.com.br\\\/#website\",\"url\":\"https:\\\/\\\/intrafrut.com.br\\\/\",\"name\":\"Tropfruit Nordeste\",\"description\":\"\",\"publisher\":{\"@id\":\"https:\\\/\\\/intrafrut.com.br\\\/#organization\"},\"potentialAction\":[{\"@type\":\"SearchAction\",\"target\":{\"@type\":\"EntryPoint\",\"urlTemplate\":\"https:\\\/\\\/intrafrut.com.br\\\/?s={search_term_string}\"},\"query-input\":{\"@type\":\"PropertyValueSpecification\",\"valueRequired\":true,\"valueName\":\"search_term_string\"}}],\"inLanguage\":\"en-US\"},{\"@type\":\"Organization\",\"@id\":\"https:\\\/\\\/intrafrut.com.br\\\/#organization\",\"name\":\"Tropfruit Nordeste\",\"url\":\"https:\\\/\\\/intrafrut.com.br\\\/\",\"logo\":{\"@type\":\"ImageObject\",\"inLanguage\":\"en-US\",\"@id\":\"https:\\\/\\\/intrafrut.com.br\\\/#\\\/schema\\\/logo\\\/image\\\/\",\"url\":\"\",\"contentUrl\":\"\",\"caption\":\"Tropfruit Nordeste\"},\"image\":{\"@id\":\"https:\\\/\\\/intrafrut.com.br\\\/#\\\/schema\\\/logo\\\/image\\\/\"},\"sameAs\":[\"https:\\\/\\\/www.linkedin.com\\\/company\\\/tropfruit-nordeste-s-a\\\/\"]}]}<\/script>\n<!-- \/ Yoast SEO plugin. -->","yoast_head_json":{"title":"Empresa | O Melhor dos Tr\u00f3picos","robots":{"index":"index","follow":"follow","max-snippet":"max-snippet:-1","max-image-preview":"max-image-preview:large","max-video-preview":"max-video-preview:-1"},"canonical":"https:\/\/intrafrut.com.br\/en\/empresa\/","og_locale":"en_US","og_type":"article","og_title":"Empresa | O Melhor dos Tr\u00f3picos","og_description":"INTRAFRUT \u2013 IND\u00daSTRIA TRANSFORMADORA DE FRUTAS S.A\u00a0\u2013 \u00e9 uma empresa cuja principal atividade \u00e9 a industrializa\u00e7\u00e3o de frutas e produ\u00e7\u00e3o de sucos concentrados e integrais congelado, al\u00e9m de polpas de frutas.\u00a0Fundada em 20\/01\/1976, reiniciando suas atividades em 30\/05\/2003. Localizada na segunda maior regi\u00e3o produtora de abacaxi do Brasil, \u00e0s margens da BR 101, no Distrito [&hellip;]","og_url":"https:\/\/intrafrut.com.br\/en\/empresa\/","og_site_name":"O Melhor dos Tr\u00f3picos","article_modified_time":"2020-09-16T10:16:26+00:00","og_image":[{"url":"https:\/\/intrafrut.com.br\/wp-content\/uploads\/2020\/08\/DSCN1381-scaled.jpg","type":"","width":"","height":""}],"twitter_card":"summary_large_image","twitter_misc":{"Est. reading time":"2 minutes"},"schema":{"@context":"https:\/\/schema.org","@graph":[{"@type":"WebPage","@id":"https:\/\/intrafrut.com.br\/empresa\/","url":"https:\/\/intrafrut.com.br\/empresa\/","name":"Empresa | O Melhor dos Tr\u00f3picos","isPartOf":{"@id":"https:\/\/intrafrut.com.br\/#website"},"primaryImageOfPage":{"@id":"https:\/\/intrafrut.com.br\/empresa\/#primaryimage"},"image":{"@id":"https:\/\/intrafrut.com.br\/empresa\/#primaryimage"},"thumbnailUrl":"https:\/\/intrafrut.com.br\/wp-content\/uploads\/2020\/08\/DSCN1381-scaled.jpg","datePublished":"2020-01-28T18:20:51+00:00","dateModified":"2020-09-16T10:16:26+00:00","breadcrumb":{"@id":"https:\/\/intrafrut.com.br\/empresa\/#breadcrumb"},"inLanguage":"en-US","potentialAction":[{"@type":"ReadAction","target":["https:\/\/intrafrut.com.br\/empresa\/"]}]},{"@type":"ImageObject","inLanguage":"en-US","@id":"https:\/\/intrafrut.com.br\/empresa\/#primaryimage","url":"https:\/\/intrafrut.com.br\/wp-content\/uploads\/2020\/08\/DSCN1381-scaled.jpg","contentUrl":"https:\/\/intrafrut.com.br\/wp-content\/uploads\/2020\/08\/DSCN1381-scaled.jpg"},{"@type":"BreadcrumbList","@id":"https:\/\/intrafrut.com.br\/empresa\/#breadcrumb","itemListElement":[{"@type":"ListItem","position":1,"name":"In\u00edcio","item":"https:\/\/intrafrut.com.br\/"},{"@type":"ListItem","position":2,"name":"Empresa"}]},{"@type":"WebSite","@id":"https:\/\/intrafrut.com.br\/#website","url":"https:\/\/intrafrut.com.br\/","name":"Tropfruit Nordeste","description":"","publisher":{"@id":"https:\/\/intrafrut.com.br\/#organization"},"potentialAction":[{"@type":"SearchAction","target":{"@type":"EntryPoint","urlTemplate":"https:\/\/intrafrut.com.br\/?s={search_term_string}"},"query-input":{"@type":"PropertyValueSpecification","valueRequired":true,"valueName":"search_term_string"}}],"inLanguage":"en-US"},{"@type":"Organization","@id":"https:\/\/intrafrut.com.br\/#organization","name":"Tropfruit Nordeste","url":"https:\/\/intrafrut.com.br\/","logo":{"@type":"ImageObject","inLanguage":"en-US","@id":"https:\/\/intrafrut.com.br\/#\/schema\/logo\/image\/","url":"","contentUrl":"","caption":"Tropfruit Nordeste"},"image":{"@id":"https:\/\/intrafrut.com.br\/#\/schema\/logo\/image\/"},"sameAs":["https:\/\/www.linkedin.com\/company\/tropfruit-nordeste-s-a\/"]}]}},"_links":{"self":[{"href":"https:\/\/intrafrut.com.br\/en\/wp-json\/wp\/v2\/pages\/3","targetHints":{"allow":["GET"]}}],"collection":[{"href":"https:\/\/intrafrut.com.br\/en\/wp-json\/wp\/v2\/pages"}],"about":[{"href":"https:\/\/intrafrut.com.br\/en\/wp-json\/wp\/v2\/types\/page"}],"author":[{"embeddable":true,"href":"https:\/\/intrafrut.com.br\/en\/wp-json\/wp\/v2\/users\/1"}],"replies":[{"embeddable":true,"href":"https:\/\/intrafrut.com.br\/en\/wp-json\/wp\/v2\/comments?post=3"}],"version-history":[{"count":20,"href":"https:\/\/intrafrut.com.br\/en\/wp-json\/wp\/v2\/pages\/3\/revisions"}],"predecessor-version":[{"id":2892,"href":"https:\/\/intrafrut.com.br\/en\/wp-json\/wp\/v2\/pages\/3\/revisions\/2892"}],"wp:attachment":[{"href":"https:\/\/intrafrut.com.br\/en\/wp-json\/wp\/v2\/media?parent=3"}],"curies":[{"name":"wp","href":"https:\/\/api.w.org\/{rel}","templated":true}]}}