{"id":169,"date":"2020-01-30T07:31:02","date_gmt":"2020-01-30T10:31:02","guid":{"rendered":"https:\/\/novo.tropfruit.com.br\/tropfruit\/?page_id=169"},"modified":"2020-10-22T10:27:15","modified_gmt":"2020-10-22T13:27:15","slug":"goiaba","status":"publish","type":"page","link":"https:\/\/intrafrut.com.br\/en\/goiaba\/","title":{"rendered":"Guava"},"content":{"rendered":"<div data-colibri-id=\"169-c1\" class=\"style-576 style-local-169-c1 position-relative\">\n  <!---->\n  <div data-colibri-component=\"section\" data-colibri-id=\"169-c2\" id=\"about\" class=\"h-section h-section-global-spacing d-flex align-items-lg-center align-items-md-center align-items-center style-581 style-local-169-c2 position-relative\">\n    <!---->\n    <!---->\n    <div class=\"h-section-grid-container h-section-boxed-container\">\n      <!---->\n      <div data-colibri-id=\"169-c3\" class=\"h-row-container gutters-row-lg-2 gutters-row-md-2 gutters-row-2 gutters-row-v-lg-2 gutters-row-v-md-2 gutters-row-v-2 style-582 style-local-169-c3 position-relative\">\n        <!---->\n        <div class=\"h-row justify-content-lg-center justify-content-md-center justify-content-center align-items-lg-stretch align-items-md-stretch align-items-stretch gutters-col-lg-2 gutters-col-md-2 gutters-col-2 gutters-col-v-lg-2 gutters-col-v-md-2 gutters-col-v-2\">\n          <!---->\n          <div class=\"h-column h-column-container d-flex h-col-lg-auto h-col-md-auto h-col-auto style-583-outer style-local-169-c4-outer\">\n            <div data-colibri-id=\"169-c4\" class=\"d-flex h-flex-basis h-column__inner h-px-lg-2 h-px-md-2 h-px-2 v-inner-lg-2 v-inner-md-2 v-inner-2 style-583 style-local-169-c4 position-relative\">\n              <!---->\n              <!---->\n              <div class=\"w-100 h-y-container h-column__content h-column__v-align flex-basis-100 align-self-lg-center align-self-md-center align-self-center\">\n                <!---->\n                <div data-colibri-id=\"169-c5\" class=\"h-global-transition-all h-heading style-585 style-local-169-c5 position-relative h-element\">\n                  <!---->\n                  <div class=\"h-heading__outer style-585 style-local-169-c5\">\n                    <!---->\n                    <!---->\n                    <h2 class=\"\">Frozen Not From Concentrate&nbsp;<em style=\"font-family: &quot;Playfair Display&quot;; color: rgb(247, 144, 7);\">Guava<\/em>&nbsp;Juice<\/h2>\n                  <\/div>\n                <\/div>\n                <div data-colibri-id=\"169-c6\" class=\"h-text h-text-component style-586 style-local-169-c6 position-relative h-element\">\n                  <!---->\n                  <!---->\n                  <div class=\"\">\n                    <p><span style=\"font-weight: 400; font-size: 16px; font-family: &quot;Open Sans&quot;; color: rgb(70, 112, 128);\">Variety: Paluma Vermelha<\/span>\n                      <br>Scientific Name: Psidium guayava<\/p>\n                    <p><strong>1. ORGANOLEPTIC CHARACTERISTICS<\/strong><\/p>\n                    <p><span style=\"font-weight: 400; font-size: 16px; font-family: &quot;Open Sans&quot;; color: rgb(70, 112, 128);\">Appearance: Viscous liquid<\/span>\n                      <br>Color: Red\n                      <br>Flavor: Own\n                      <br>Aroma: Own<\/p>\n                    <p><strong>2. PHYSICAL AND CHEMICAL CHARACTERISTICS<\/strong><\/p>\n                    <p>Brix (Corrected): 7,00 to 9,00\n                      <br>Acidity (Citric Acid% w \/w ): 0,40 to 0,60\n                      <br>Ratio (Brix\/Acidity): 11,00 to 23,00\n                      <br>Pulp (% v \/ v): 85,00 to 100,00\n                      <br>Flavor: 37 to 38\n                      <br>Defect: 19 to 20\n                      <br>Vit C (mg\/100 ml): Min. 25,00 a 60,00\n                      <br>Viscosity (cps.): 6900 \u2013 11000<\/p>\n                    <p><strong>3. MICROBIOLOGY<\/strong><\/p>\n                    <p>Total Count (cfu \/ g) max: 1000\n                      <br>Count Moulds \/ Yeast Count (cfu \/ g) max: 100\n                      <br>Coliforms - Absent<\/p>\n                    <p><strong style=\"font-size: 16px; font-family: &quot;Open Sans&quot;; color: rgb(70, 112, 128);\">4. STORAGE AND SHELF LIFE<\/strong><\/p>\n                    <p><span style=\"font-weight: 400; font-size: 16px; font-family: &quot;Open Sans&quot;; color: rgb(70, 112, 128);\">Storage: -12\u00baC to -18\u00baC<\/span>\n                      <br>Shelf Life: 24 months<\/p>\n                    <p>\n                      <br>\n                    <\/p>\n                  <\/div>\n                <\/div>\n                <div data-colibri-id=\"169-c7\" class=\"h-x-container style-827 style-local-169-c7 position-relative h-element\">\n                  <!---->\n                  <div class=\"h-x-container-inner style-dynamic-169-c7-group style-827-spacing style-local-169-c7-spacing\"><span class=\"h-button__outer style-828-outer style-local-169-c8-outer d-inline-flex h-element\"><a h-use-smooth-scroll=\"true\" href=\"https:\/\/intrafrut.com.br\/en\/produtos\/\"  data-colibri-id=\"169-c8\" class=\"d-flex w-100 align-items-center h-button justify-content-lg-center justify-content-md-center justify-content-center style-828 style-local-169-c8 position-relative\"><!----><!----> <span>products<\/span><\/a>\n                    <\/span>\n                  <\/div>\n                <\/div>\n              <\/div>\n            <\/div>\n          <\/div>\n          <div class=\"h-column h-column-container d-flex h-col-lg-auto h-col-md-auto h-col-auto style-589-outer style-local-169-c9-outer\">\n            <div data-colibri-id=\"169-c9\" class=\"d-flex h-flex-basis h-column__inner h-px-lg-2 h-px-md-2 h-px-2 v-inner-lg-2 v-inner-md-2 v-inner-2 style-589 style-local-169-c9 position-relative\">\n              <!---->\n              <!---->\n              <div class=\"w-100 h-y-container h-column__content h-column__v-align flex-basis-100 align-self-lg-start align-self-md-start align-self-start\">\n                <!---->\n                <div data-colibri-id=\"169-c10\" class=\"d-block style-590 style-local-169-c10 position-relative h-element\">\n                  <!---->\n                  <div class=\"h-image__frame-container-outer\">\n                    <div class=\"h-image__frame-container\">\n                      <!---->\n                      <!---->\n                      <img loading=\"lazy\" decoding=\"async\" width=\"1712\" height=\"1712\" src=\"https:\/\/novo.tropfruit.com.br\/tropfruit\/wp-content\/uploads\/2020\/03\/cropped-2.Suco-de-acerola-com-goiaba-scaled-1.jpg\" class=\"wp-image-1407 style-590-image style-local-169-c10-image\" alt=\"\" srcset=\"https:\/\/intrafrut.com.br\/wp-content\/uploads\/2020\/03\/cropped-2.Suco-de-acerola-com-goiaba-scaled-1.jpg 1712w, https:\/\/intrafrut.com.br\/wp-content\/uploads\/2020\/03\/cropped-2.Suco-de-acerola-com-goiaba-scaled-1-300x300.jpg 300w, https:\/\/intrafrut.com.br\/wp-content\/uploads\/2020\/03\/cropped-2.Suco-de-acerola-com-goiaba-scaled-1-1024x1024.jpg 1024w, https:\/\/intrafrut.com.br\/wp-content\/uploads\/2020\/03\/cropped-2.Suco-de-acerola-com-goiaba-scaled-1-150x150.jpg 150w, https:\/\/intrafrut.com.br\/wp-content\/uploads\/2020\/03\/cropped-2.Suco-de-acerola-com-goiaba-scaled-1-768x768.jpg 768w, https:\/\/intrafrut.com.br\/wp-content\/uploads\/2020\/03\/cropped-2.Suco-de-acerola-com-goiaba-scaled-1-1536x1536.jpg 1536w\" sizes=\"auto, (max-width: 1712px) 100vw, 1712px\" \/>\n                      <div class=\"h-image__frame h-hide-sm style-590-frameImage style-local-169-c10-frameImage\"><\/div>\n                    <\/div>\n                  <\/div>\n                <\/div>\n                <div data-colibri-id=\"169-c11\" class=\"h-x-container style-1180 style-local-169-c11 position-relative h-element\">\n                  <!---->\n                  <div class=\"h-x-container-inner style-dynamic-169-c11-group style-1180-spacing style-local-169-c11-spacing\"><span class=\"h-button__outer style-1181-outer style-local-169-c12-outer d-inline-flex h-element\"><a h-use-smooth-scroll=\"true\" href=\"https:\/\/intrafrut.com.br\/en\/polpa-de-goiaba\/\"  data-colibri-id=\"169-c12\" class=\"d-flex w-100 align-items-center h-button justify-content-lg-center justify-content-md-center justify-content-center style-1181 style-local-169-c12 position-relative\"><!----><!----> <span>PULP<\/span><\/a>\n                    <\/span>\n                  <\/div>\n                <\/div>\n              <\/div>\n            <\/div>\n          <\/div>\n        <\/div>\n      <\/div>\n    <\/div>\n  <\/div>\n<\/div>","protected":false},"excerpt":{"rendered":"<p>Suco&nbsp; de&nbsp;Goiaba&nbsp;Integral e congelado Variedade: Paluma Vermelha Nome Cient\u00edfico: Psidium guayava 1. CARACTER\u00cdSTICAS ORGANOL\u00c9PTICAS Aspecto: L\u00edquido e viscoso Cor: Vermelho Sabor: Pr\u00f3prio Aroma: Pr\u00f3prio 2. CARACTER\u00cdSTICAS F\u00cdSICO-QU\u00cdMICAS Brix (Corrigido): 7,00 a 9,00 Acidez (% \u00c1cido C\u00edtrico p\/p): 0,40 a 0,60 Ratio (Brix\/Acidez): 11,00 a 23,00 Polpa (%v\/v): 85,00 a 100,00 Sabor: 37 a 38 Defeito: [&hellip;]<\/p>\n","protected":false},"author":1,"featured_media":0,"parent":0,"menu_order":0,"comment_status":"closed","ping_status":"closed","template":"page-templates\/full-width-page.php","meta":{"footnotes":""},"class_list":["post-169","page","type-page","status-publish","hentry"],"yoast_head":"<!-- This site is optimized with the Yoast SEO plugin v27.3 - https:\/\/yoast.com\/product\/yoast-seo-wordpress\/ -->\n<title>Goiaba | O Melhor dos Tr\u00f3picos<\/title>\n<meta name=\"robots\" content=\"index, follow, max-snippet:-1, max-image-preview:large, max-video-preview:-1\" \/>\n<link rel=\"canonical\" href=\"https:\/\/intrafrut.com.br\/en\/goiaba\/\" \/>\n<meta property=\"og:locale\" content=\"en_US\" \/>\n<meta property=\"og:type\" content=\"article\" \/>\n<meta property=\"og:title\" content=\"Goiaba | O Melhor dos Tr\u00f3picos\" \/>\n<meta property=\"og:description\" content=\"Suco&nbsp; de&nbsp;Goiaba&nbsp;Integral e congelado Variedade: Paluma Vermelha Nome Cient\u00edfico: Psidium guayava 1. CARACTER\u00cdSTICAS ORGANOL\u00c9PTICAS Aspecto: L\u00edquido e viscoso Cor: Vermelho Sabor: Pr\u00f3prio Aroma: Pr\u00f3prio 2. CARACTER\u00cdSTICAS F\u00cdSICO-QU\u00cdMICAS Brix (Corrigido): 7,00 a 9,00 Acidez (% \u00c1cido C\u00edtrico p\/p): 0,40 a 0,60 Ratio (Brix\/Acidez): 11,00 a 23,00 Polpa (%v\/v): 85,00 a 100,00 Sabor: 37 a 38 Defeito: [&hellip;]\" \/>\n<meta property=\"og:url\" content=\"https:\/\/intrafrut.com.br\/en\/goiaba\/\" \/>\n<meta property=\"og:site_name\" content=\"O Melhor dos Tr\u00f3picos\" \/>\n<meta property=\"article:modified_time\" content=\"2020-10-22T13:27:15+00:00\" \/>\n<meta property=\"og:image\" content=\"https:\/\/novo.tropfruit.com.br\/tropfruit\/wp-content\/uploads\/2020\/03\/cropped-2.Suco-de-acerola-com-goiaba-scaled-1.jpg\" \/>\n<meta name=\"twitter:card\" content=\"summary_large_image\" \/>\n<meta name=\"twitter:label1\" content=\"Est. reading time\" \/>\n\t<meta name=\"twitter:data1\" content=\"1 minute\" \/>\n<script type=\"application\/ld+json\" class=\"yoast-schema-graph\">{\"@context\":\"https:\\\/\\\/schema.org\",\"@graph\":[{\"@type\":\"WebPage\",\"@id\":\"https:\\\/\\\/intrafrut.com.br\\\/goiaba\\\/\",\"url\":\"https:\\\/\\\/intrafrut.com.br\\\/goiaba\\\/\",\"name\":\"Goiaba | O Melhor dos Tr\u00f3picos\",\"isPartOf\":{\"@id\":\"https:\\\/\\\/intrafrut.com.br\\\/#website\"},\"primaryImageOfPage\":{\"@id\":\"https:\\\/\\\/intrafrut.com.br\\\/goiaba\\\/#primaryimage\"},\"image\":{\"@id\":\"https:\\\/\\\/intrafrut.com.br\\\/goiaba\\\/#primaryimage\"},\"thumbnailUrl\":\"https:\\\/\\\/novo.tropfruit.com.br\\\/tropfruit\\\/wp-content\\\/uploads\\\/2020\\\/03\\\/cropped-2.Suco-de-acerola-com-goiaba-scaled-1.jpg\",\"datePublished\":\"2020-01-30T10:31:02+00:00\",\"dateModified\":\"2020-10-22T13:27:15+00:00\",\"breadcrumb\":{\"@id\":\"https:\\\/\\\/intrafrut.com.br\\\/goiaba\\\/#breadcrumb\"},\"inLanguage\":\"en-US\",\"potentialAction\":[{\"@type\":\"ReadAction\",\"target\":[\"https:\\\/\\\/intrafrut.com.br\\\/goiaba\\\/\"]}]},{\"@type\":\"ImageObject\",\"inLanguage\":\"en-US\",\"@id\":\"https:\\\/\\\/intrafrut.com.br\\\/goiaba\\\/#primaryimage\",\"url\":\"https:\\\/\\\/novo.tropfruit.com.br\\\/tropfruit\\\/wp-content\\\/uploads\\\/2020\\\/03\\\/cropped-2.Suco-de-acerola-com-goiaba-scaled-1.jpg\",\"contentUrl\":\"https:\\\/\\\/novo.tropfruit.com.br\\\/tropfruit\\\/wp-content\\\/uploads\\\/2020\\\/03\\\/cropped-2.Suco-de-acerola-com-goiaba-scaled-1.jpg\"},{\"@type\":\"BreadcrumbList\",\"@id\":\"https:\\\/\\\/intrafrut.com.br\\\/goiaba\\\/#breadcrumb\",\"itemListElement\":[{\"@type\":\"ListItem\",\"position\":1,\"name\":\"In\u00edcio\",\"item\":\"https:\\\/\\\/intrafrut.com.br\\\/\"},{\"@type\":\"ListItem\",\"position\":2,\"name\":\"Goiaba\"}]},{\"@type\":\"WebSite\",\"@id\":\"https:\\\/\\\/intrafrut.com.br\\\/#website\",\"url\":\"https:\\\/\\\/intrafrut.com.br\\\/\",\"name\":\"Tropfruit Nordeste\",\"description\":\"\",\"publisher\":{\"@id\":\"https:\\\/\\\/intrafrut.com.br\\\/#organization\"},\"potentialAction\":[{\"@type\":\"SearchAction\",\"target\":{\"@type\":\"EntryPoint\",\"urlTemplate\":\"https:\\\/\\\/intrafrut.com.br\\\/?s={search_term_string}\"},\"query-input\":{\"@type\":\"PropertyValueSpecification\",\"valueRequired\":true,\"valueName\":\"search_term_string\"}}],\"inLanguage\":\"en-US\"},{\"@type\":\"Organization\",\"@id\":\"https:\\\/\\\/intrafrut.com.br\\\/#organization\",\"name\":\"Tropfruit Nordeste\",\"url\":\"https:\\\/\\\/intrafrut.com.br\\\/\",\"logo\":{\"@type\":\"ImageObject\",\"inLanguage\":\"en-US\",\"@id\":\"https:\\\/\\\/intrafrut.com.br\\\/#\\\/schema\\\/logo\\\/image\\\/\",\"url\":\"\",\"contentUrl\":\"\",\"caption\":\"Tropfruit Nordeste\"},\"image\":{\"@id\":\"https:\\\/\\\/intrafrut.com.br\\\/#\\\/schema\\\/logo\\\/image\\\/\"},\"sameAs\":[\"https:\\\/\\\/www.linkedin.com\\\/company\\\/tropfruit-nordeste-s-a\\\/\"]}]}<\/script>\n<!-- \/ Yoast SEO plugin. -->","yoast_head_json":{"title":"Goiaba | O Melhor dos Tr\u00f3picos","robots":{"index":"index","follow":"follow","max-snippet":"max-snippet:-1","max-image-preview":"max-image-preview:large","max-video-preview":"max-video-preview:-1"},"canonical":"https:\/\/intrafrut.com.br\/en\/goiaba\/","og_locale":"en_US","og_type":"article","og_title":"Goiaba | O Melhor dos Tr\u00f3picos","og_description":"Suco&nbsp; de&nbsp;Goiaba&nbsp;Integral e congelado Variedade: Paluma Vermelha Nome Cient\u00edfico: Psidium guayava 1. CARACTER\u00cdSTICAS ORGANOL\u00c9PTICAS Aspecto: L\u00edquido e viscoso Cor: Vermelho Sabor: Pr\u00f3prio Aroma: Pr\u00f3prio 2. CARACTER\u00cdSTICAS F\u00cdSICO-QU\u00cdMICAS Brix (Corrigido): 7,00 a 9,00 Acidez (% \u00c1cido C\u00edtrico p\/p): 0,40 a 0,60 Ratio (Brix\/Acidez): 11,00 a 23,00 Polpa (%v\/v): 85,00 a 100,00 Sabor: 37 a 38 Defeito: [&hellip;]","og_url":"https:\/\/intrafrut.com.br\/en\/goiaba\/","og_site_name":"O Melhor dos Tr\u00f3picos","article_modified_time":"2020-10-22T13:27:15+00:00","og_image":[{"url":"https:\/\/novo.tropfruit.com.br\/tropfruit\/wp-content\/uploads\/2020\/03\/cropped-2.Suco-de-acerola-com-goiaba-scaled-1.jpg","type":"","width":"","height":""}],"twitter_card":"summary_large_image","twitter_misc":{"Est. reading time":"1 minute"},"schema":{"@context":"https:\/\/schema.org","@graph":[{"@type":"WebPage","@id":"https:\/\/intrafrut.com.br\/goiaba\/","url":"https:\/\/intrafrut.com.br\/goiaba\/","name":"Goiaba | O Melhor dos Tr\u00f3picos","isPartOf":{"@id":"https:\/\/intrafrut.com.br\/#website"},"primaryImageOfPage":{"@id":"https:\/\/intrafrut.com.br\/goiaba\/#primaryimage"},"image":{"@id":"https:\/\/intrafrut.com.br\/goiaba\/#primaryimage"},"thumbnailUrl":"https:\/\/novo.tropfruit.com.br\/tropfruit\/wp-content\/uploads\/2020\/03\/cropped-2.Suco-de-acerola-com-goiaba-scaled-1.jpg","datePublished":"2020-01-30T10:31:02+00:00","dateModified":"2020-10-22T13:27:15+00:00","breadcrumb":{"@id":"https:\/\/intrafrut.com.br\/goiaba\/#breadcrumb"},"inLanguage":"en-US","potentialAction":[{"@type":"ReadAction","target":["https:\/\/intrafrut.com.br\/goiaba\/"]}]},{"@type":"ImageObject","inLanguage":"en-US","@id":"https:\/\/intrafrut.com.br\/goiaba\/#primaryimage","url":"https:\/\/novo.tropfruit.com.br\/tropfruit\/wp-content\/uploads\/2020\/03\/cropped-2.Suco-de-acerola-com-goiaba-scaled-1.jpg","contentUrl":"https:\/\/novo.tropfruit.com.br\/tropfruit\/wp-content\/uploads\/2020\/03\/cropped-2.Suco-de-acerola-com-goiaba-scaled-1.jpg"},{"@type":"BreadcrumbList","@id":"https:\/\/intrafrut.com.br\/goiaba\/#breadcrumb","itemListElement":[{"@type":"ListItem","position":1,"name":"In\u00edcio","item":"https:\/\/intrafrut.com.br\/"},{"@type":"ListItem","position":2,"name":"Goiaba"}]},{"@type":"WebSite","@id":"https:\/\/intrafrut.com.br\/#website","url":"https:\/\/intrafrut.com.br\/","name":"Tropfruit Nordeste","description":"","publisher":{"@id":"https:\/\/intrafrut.com.br\/#organization"},"potentialAction":[{"@type":"SearchAction","target":{"@type":"EntryPoint","urlTemplate":"https:\/\/intrafrut.com.br\/?s={search_term_string}"},"query-input":{"@type":"PropertyValueSpecification","valueRequired":true,"valueName":"search_term_string"}}],"inLanguage":"en-US"},{"@type":"Organization","@id":"https:\/\/intrafrut.com.br\/#organization","name":"Tropfruit Nordeste","url":"https:\/\/intrafrut.com.br\/","logo":{"@type":"ImageObject","inLanguage":"en-US","@id":"https:\/\/intrafrut.com.br\/#\/schema\/logo\/image\/","url":"","contentUrl":"","caption":"Tropfruit Nordeste"},"image":{"@id":"https:\/\/intrafrut.com.br\/#\/schema\/logo\/image\/"},"sameAs":["https:\/\/www.linkedin.com\/company\/tropfruit-nordeste-s-a\/"]}]}},"_links":{"self":[{"href":"https:\/\/intrafrut.com.br\/en\/wp-json\/wp\/v2\/pages\/169","targetHints":{"allow":["GET"]}}],"collection":[{"href":"https:\/\/intrafrut.com.br\/en\/wp-json\/wp\/v2\/pages"}],"about":[{"href":"https:\/\/intrafrut.com.br\/en\/wp-json\/wp\/v2\/types\/page"}],"author":[{"embeddable":true,"href":"https:\/\/intrafrut.com.br\/en\/wp-json\/wp\/v2\/users\/1"}],"replies":[{"embeddable":true,"href":"https:\/\/intrafrut.com.br\/en\/wp-json\/wp\/v2\/comments?post=169"}],"version-history":[{"count":19,"href":"https:\/\/intrafrut.com.br\/en\/wp-json\/wp\/v2\/pages\/169\/revisions"}],"predecessor-version":[{"id":3380,"href":"https:\/\/intrafrut.com.br\/en\/wp-json\/wp\/v2\/pages\/169\/revisions\/3380"}],"wp:attachment":[{"href":"https:\/\/intrafrut.com.br\/en\/wp-json\/wp\/v2\/media?parent=169"}],"curies":[{"name":"wp","href":"https:\/\/api.w.org\/{rel}","templated":true}]}}